{"id":14,"date":"2023-12-06T22:33:47","date_gmt":"2023-12-06T21:33:47","guid":{"rendered":"http:\/\/przedszkole2.pl\/?page_id=14"},"modified":"2026-02-17T15:25:52","modified_gmt":"2026-02-17T14:25:52","slug":"rekrutacja","status":"publish","type":"page","link":"https:\/\/przedszkole2.pl\/en\/rekrutacja\/","title":{"rendered":"Rekrutacja"},"content":{"rendered":"<div data-elementor-type=\"wp-page\" data-elementor-id=\"14\" class=\"elementor elementor-14\" data-elementor-post-type=\"page\">\n\t\t\t\t<div class=\"elementor-element elementor-element-1e5b232 e-flex e-con-boxed e-con e-parent\" data-id=\"1e5b232\" data-element_type=\"container\" data-e-type=\"container\">\n\t\t\t\t\t<div class=\"e-con-inner\">\n\t\t\t\t<div class=\"elementor-element elementor-element-a0acd9f elementor-widget elementor-widget-text-editor\" data-id=\"a0acd9f\" data-element_type=\"widget\" data-e-type=\"widget\" data-widget_type=\"text-editor.default\">\n\t\t\t\t<div class=\"elementor-widget-container\">\n\t\t\t\t\t\t\t\t\t<h3>Rekrutacja 2026\/2027<\/h3>\n<p><!-- \/wp:paragraph --><\/p>\n<p><!-- wp:paragraph --><!-- \/wp:paragraph --><\/p>\n<p><!-- wp:paragraph --><\/p>\n<p><strong><em>Szanowni Pa\u0144stwo!<\/em><\/strong><\/p>\n<p><em>Je\u017celi w Waszym \u017cyciu i \u017cyciu Waszego dziecka rozpoczyna si\u0119 kolejny wa\u017cny etap \u2013 edukacja przedszkolna, to zapraszamy do naszego przedszkola!<\/em><\/p>\n<p>W terminie\u00a0<strong>od wtorku 3 marca do 24 marca 2026 r. do godz. 13:00<\/strong>\u00a0trwa\u0107 b\u0119dzie\u00a0<u>rekrutacja elektroniczna<\/u>\u00a0do przedszkoli i oddzia\u0142\u00f3w przedszkolnych\u00a0w szko\u0142ach podstawowych.<\/p>\n<p><strong>Etapy rekrutacji elektronicznej do przedszkoli om\u00f3wione s\u0105 r\u00f3wnie\u017c pod adresem:<\/strong><\/p>\n<p><strong><a href=\"https:\/\/www.youtube.com\/watch?v=bHsD9wmQ3WI\">https:\/\/www.youtube.com\/watch?v=bHsD9wmQ3WI<\/a><\/strong><\/p>\n<p>Rodzice, chc\u0105cy zapisa\u0107 dziecko do przedszkola musz\u0105 wype\u0142ni\u0107 wniosek poprzez Internet,\u00a0<strong>wydrukowa\u0107 go wraz z za\u0142\u0105cznikami<\/strong>\u00a0<strong>i podpisany przez obojga Rodzic\u00f3w z\u0142o\u017cy\u0107 w plac\u00f3wce, kt\u00f3r\u0105 wskazali jako pierwszy wyb\u00f3r.<\/strong>\u00a0Rodzice sk\u0142adaj\u0105 wniosek tylko\u00a0w jednym przedszkolu mog\u0105 w nim zaznaczy\u0107, \u017ce w przypadku braku miejsc prosz\u0105 o przyj\u0119cie do innego przedszkola.<\/p>\n<p>Nab\u00f3r zostanie zamkni\u0119ty\u00a0<strong>24 marca 2026 r. o godz. 13:00<\/strong>. W rekrutacji nie ma znaczenia kolejno\u015b\u0107 z\u0142o\u017cenia wniosk\u00f3w, ale kryteria spe\u0142niane przez kandydata.<\/p>\n<p><strong><u>Kryteria naboru do przedszkoli na rok szkolny 2026\/2027<\/u><\/strong><\/p>\n<ol>\n<li><strong> Kryteria ustawowe:<\/strong><\/li>\n<\/ol>\n<ol>\n<li><strong>Wielodzietno\u015b\u0107 rodziny kandydata<\/strong>\u00a0\u2013 100 punkt\u00f3w<\/li>\n<li><strong>Niepe\u0142nosprawno\u015b\u0107 kandydata<\/strong>\u00a0\u2013 100 punkt\u00f3w<\/li>\n<li><strong>Niepe\u0142nosprawno\u015b\u0107 jednego z rodzic\u00f3w kandydata<\/strong>\u00a0\u2013 100 punkt\u00f3w<\/li>\n<li><strong>Niepe\u0142nosprawno\u015b\u0107 obojga rodzic\u00f3w<\/strong>\u00a0<strong>kandydata<\/strong>\u00a0\u2013 100 punkt\u00f3w<\/li>\n<li><strong>Niepe\u0142nosprawno\u015b\u0107 rodze\u0144stwa<\/strong>\u00a0<strong>kandydata<\/strong>\u00a0\u2013 100 punkt\u00f3w<\/li>\n<li><strong>Samotne wychowywanie kandydata w rodzinie<\/strong>\u00a0\u2013 100 punkt\u00f3w<\/li>\n<li><strong>Obj\u0119cie kandydata piecz\u0105 zast\u0119pcz\u0105<\/strong>\u00a0\u2013 100 punkt\u00f3w.<\/li>\n<\/ol>\n<ol start=\"2\">\n<li><strong> Kryteria samorz\u0105dowe Gminy Mosina zgodnie z Zarz\u0105dzeniem Nr 37\/2026 Burmistrza Gminy Mosina:<\/strong><\/li>\n<\/ol>\n<ol>\n<li><strong>Rodzice\/opiekunowie prawni kandydata pozostaj\u0105\u0328 w zatrudnieniu<\/strong>\u00a0w ramach stosunku pracy, wykonuj\u0105\u0328 zadania lub \u015bwiadcz\u0105\u0328 us\u0142ugi na podstawie umowy cywilnoprawnej, ucz\u0105 si\u0119\u0328 w trybie dziennym, prowadz\u0105 gospodarstwo rolne lub dzia\u0142alno\u015b\u0107\u0301 gospodarcz\u0105 &#8211; kryterium stosuje si\u0119 r\u00f3wnie\u017c\u0307 do rodzica\/opiekuna prawnego samotnie wychowuj\u0105cego dziecko \u2013\u00a0<strong>50 punkt\u00f3w<\/strong>\u00a0(po 25 punkt\u00f3w za spe\u0142nione kryterium przez ka\u017cdego z rodzic\u00f3w\/opiekun\u00f3w);<\/li>\n<li><strong>Rodze\u0144stwo kandydata ucz\u0119szcza i b\u0119dzie w kolejnym roku szkolnym ucz\u0119szcza\u0142o do danej plac\u00f3wki \u2013 15 punkt\u00f3w<\/strong>;<\/li>\n<li><strong>Rodzice\/opiekunowie kandydata posiadaj\u0105 Mosi\u0144sk\u0105 Kart\u0119 Mieszka\u0144ca lub s\u0105 zameldowani w Gminie Mosina \u2013 10 punkt\u00f3w<\/strong>\u00a0(po 5 punkt\u00f3w za spe\u0142nione kryterium przez ka\u017cdego z rodzic\u00f3w\/opiekun\u00f3w);<\/li>\n<li><strong>Rodzice\/opiekunowie prawni kandydata wskazali w deklaracji podatkowej jako miejsce odprowadzania podatku dochodowego\u00a0Gmin\u0119 Mosina \u2013 18 punkt\u00f3w<\/strong>\u00a0(po 9 punkt\u00f3w za spe\u0142nione kryterium przez ka\u017cdego z rodzic\u00f3w\/opiekun\u00f3w);<\/li>\n<li><strong>Dziecko pochodzi z rodziny obj\u0119tej nadzorem kuratorskim lub wsparciem asystenta rodziny \u2013 5 punkt\u00f3w<\/strong>.<\/li>\n<\/ol>\n<p>Wi\u0119cej informacji o naborze do przedszkoli i szk\u00f3\u0142 w Gminie Mosina:<\/p>\n<p><a href=\"https:\/\/www.mosina.pl\/elektroniczna-rekrutacja-do-szkol-2026-2027\">https:\/\/www.mosina.pl\/elektroniczna-rekrutacja-do-szkol-2026-2027<\/a><\/p>\n<p>link do naboru:<\/p>\n<p><a href=\"https:\/\/naborp-kandydat.vulcan.net.pl\/mosina\/News\">https:\/\/naborp-kandydat.vulcan.net.pl\/mosina\/News<\/a><\/p>\n<p><em>Do zobaczenia.<\/em><\/p>\n<p><!-- \/wp:paragraph --><\/p>\t\t\t\t\t\t\t\t<\/div>\n\t\t\t\t<\/div>\n\t\t\t\t\t<\/div>\n\t\t\t\t<\/div>\n\t\t<div class=\"elementor-element elementor-element-438c4a0 e-flex e-con-boxed e-con e-parent\" data-id=\"438c4a0\" data-element_type=\"container\" data-e-type=\"container\">\n\t\t\t\t\t<div class=\"e-con-inner\">\n\t\t\t\t<div class=\"elementor-element elementor-element-c366eb6 elementor-widget elementor-widget-text-editor\" data-id=\"c366eb6\" data-element_type=\"widget\" data-e-type=\"widget\" data-widget_type=\"text-editor.default\">\n\t\t\t\t<div class=\"elementor-widget-container\">\n\t\t\t\t\t\t\t\t\t<h4 style=\"font-family: var(--title-font);\">Zapraszamy na wirtualny \u201eSpacer po przedszkolu\u201d:<\/h4>\t\t\t\t\t\t\t\t<\/div>\n\t\t\t\t<\/div>\n\t\t\t\t\t<\/div>\n\t\t\t\t<\/div>\n\t\t<div class=\"elementor-element elementor-element-d212b57 e-flex e-con-boxed e-con e-parent\" data-id=\"d212b57\" data-element_type=\"container\" data-e-type=\"container\">\n\t\t\t\t\t<div class=\"e-con-inner\">\n\t\t\t\t<div class=\"elementor-element elementor-element-3eeef8f elementor-widget elementor-widget-video\" data-id=\"3eeef8f\" data-element_type=\"widget\" data-e-type=\"widget\" data-settings=\"{&quot;youtube_url&quot;:&quot;https:\\\/\\\/youtu.be\\\/HwJzb_YXkoo?si=ZXsOpV4swc3PHjs-&quot;,&quot;video_type&quot;:&quot;youtube&quot;,&quot;controls&quot;:&quot;yes&quot;}\" data-widget_type=\"video.default\">\n\t\t\t\t<div class=\"elementor-widget-container\">\n\t\t\t\t\t\t\t<div class=\"elementor-wrapper elementor-open-inline\">\n\t\t\t<div class=\"elementor-video\"><\/div>\t\t<\/div>\n\t\t\t\t\t\t<\/div>\n\t\t\t\t<\/div>\n\t\t\t\t\t<\/div>\n\t\t\t\t<\/div>\n\t\t<div class=\"elementor-element elementor-element-fb97262 e-flex e-con-boxed e-con e-parent\" data-id=\"fb97262\" data-element_type=\"container\" data-e-type=\"container\">\n\t\t\t\t\t<div class=\"e-con-inner\">\n\t\t\t\t<div class=\"elementor-element elementor-element-90042c6 elementor-widget elementor-widget-text-editor\" data-id=\"90042c6\" data-element_type=\"widget\" data-e-type=\"widget\" data-widget_type=\"text-editor.default\">\n\t\t\t\t<div class=\"elementor-widget-container\">\n\t\t\t\t\t\t\t\t\t<!-- wp:paragraph -->\n<p>Je\u017celi macie Pa\u0144stwo pytania, zapraszamy do kontaktu telefonicznego pod numerem <strong>663 993 420<\/strong> lub <strong>61 813 22 30<\/strong>.<\/p>\n<p>Zapraszamy do naszego przedszkola!<\/p>\n<!-- \/wp:paragraph -->\t\t\t\t\t\t\t\t<\/div>\n\t\t\t\t<\/div>\n\t\t\t\t\t<\/div>\n\t\t\t\t<\/div>\n\t\t\t\t<\/div>","protected":false},"excerpt":{"rendered":"<p>Rekrutacja 2026\/2027 Szanowni Pa\u0144stwo! Je\u017celi w Waszym \u017cyciu i \u017cyciu Waszego dziecka rozpoczyna si\u0119 kolejny wa\u017cny etap \u2013 edukacja przedszkolna, to zapraszamy do naszego przedszkola! W terminie\u00a0od wtorku 3 marca do 24 marca 2026 r. do godz. 13:00\u00a0trwa\u0107 b\u0119dzie\u00a0rekrutacja elektroniczna\u00a0do przedszkoli i oddzia\u0142\u00f3w przedszkolnych\u00a0w szko\u0142ach podstawowych. Etapy rekrutacji elektronicznej do przedszkoli om\u00f3wione s\u0105 r\u00f3wnie\u017c pod&#8230;<\/p>","protected":false},"author":1,"featured_media":0,"parent":0,"menu_order":0,"comment_status":"closed","ping_status":"closed","template":"","meta":{"inline_featured_image":false,"footnotes":""},"class_list":["post-14","page","type-page","status-publish","hentry"],"_links":{"self":[{"href":"https:\/\/przedszkole2.pl\/en\/wp-json\/wp\/v2\/pages\/14","targetHints":{"allow":["GET"]}}],"collection":[{"href":"https:\/\/przedszkole2.pl\/en\/wp-json\/wp\/v2\/pages"}],"about":[{"href":"https:\/\/przedszkole2.pl\/en\/wp-json\/wp\/v2\/types\/page"}],"author":[{"embeddable":true,"href":"https:\/\/przedszkole2.pl\/en\/wp-json\/wp\/v2\/users\/1"}],"replies":[{"embeddable":true,"href":"https:\/\/przedszkole2.pl\/en\/wp-json\/wp\/v2\/comments?post=14"}],"version-history":[{"count":122,"href":"https:\/\/przedszkole2.pl\/en\/wp-json\/wp\/v2\/pages\/14\/revisions"}],"predecessor-version":[{"id":8331,"href":"https:\/\/przedszkole2.pl\/en\/wp-json\/wp\/v2\/pages\/14\/revisions\/8331"}],"wp:attachment":[{"href":"https:\/\/przedszkole2.pl\/en\/wp-json\/wp\/v2\/media?parent=14"}],"curies":[{"name":"wp","href":"https:\/\/api.w.org\/{rel}","templated":true}]}}