{"id":3087,"date":"2023-12-27T18:57:52","date_gmt":"2023-12-27T17:57:52","guid":{"rendered":"http:\/\/przedszkole2.pl\/?page_id=3087"},"modified":"2026-01-30T19:13:29","modified_gmt":"2026-01-30T18:13:29","slug":"pracownicy","status":"publish","type":"page","link":"https:\/\/przedszkole2.pl\/en\/pracownicy\/","title":{"rendered":"Pracownicy"},"content":{"rendered":"<div data-elementor-type=\"wp-page\" data-elementor-id=\"3087\" class=\"elementor elementor-3087\" data-elementor-post-type=\"page\">\n\t\t\t\t<div class=\"elementor-element elementor-element-6ec24ef e-flex e-con-boxed e-con e-parent\" data-id=\"6ec24ef\" data-element_type=\"container\" data-e-type=\"container\">\n\t\t\t\t\t<div class=\"e-con-inner\">\n\t\t<div class=\"elementor-element elementor-element-f2e08ac e-con-full e-flex e-con e-child\" data-id=\"f2e08ac\" data-element_type=\"container\" data-e-type=\"container\">\n\t\t\t\t<div class=\"elementor-element elementor-element-3ccc72be elementor-widget elementor-widget-text-editor\" data-id=\"3ccc72be\" data-element_type=\"widget\" data-e-type=\"widget\" data-widget_type=\"text-editor.default\">\n\t\t\t\t<div class=\"elementor-widget-container\">\n\t\t\t\t\t\t\t\t\t<h3>DYREKTOR<\/h3><p>mgr Dorota Snuszka<\/p>\t\t\t\t\t\t\t\t<\/div>\n\t\t\t\t<\/div>\n\t\t\t\t<\/div>\n\t\t\t\t\t<\/div>\n\t\t\t\t<\/div>\n\t\t<div class=\"elementor-element elementor-element-e1803fc e-flex e-con-boxed e-con e-parent\" data-id=\"e1803fc\" data-element_type=\"container\" data-e-type=\"container\">\n\t\t\t\t\t<div class=\"e-con-inner\">\n\t\t<div class=\"elementor-element elementor-element-821dc13 e-con-full e-flex e-con e-child\" data-id=\"821dc13\" data-element_type=\"container\" data-e-type=\"container\">\n\t\t\t\t<div class=\"elementor-element elementor-element-c41d05b elementor-widget elementor-widget-text-editor\" data-id=\"c41d05b\" data-element_type=\"widget\" data-e-type=\"widget\" data-widget_type=\"text-editor.default\">\n\t\t\t\t<div class=\"elementor-widget-container\">\n\t\t\t\t\t\t\t\t\t<h3>NASZA KADRA<\/h3><h4>grupa \u201eKrasnale\u201d <br \/>&#8211; MALUCHY:<\/h4><p><strong>NAUCZYCIELE<\/strong><br \/>mgr Anna Szuba<br \/>mgr Dorota Snuszka<\/p><p>mgr Iwona Ko\u0142da<\/p><p><strong>POMOC NAUCZYCIELA<\/strong><br \/>El\u017cbieta Kordylewska<br \/>Barbara Kr\u00f3l<\/p><h4>grupa \u201eLe\u015bne Ludki\u201d <br \/>&#8211; \u015aREDNIAKI:<\/h4><p><strong>NAUCZYCIELE<\/strong><br \/>mgr Marlena Toni\u0144ska<br \/>mgr Aneta Piotrowska<\/p><p><strong>POMOC NAUCZYCIELA<\/strong><br \/>Karolina Zimowska<\/p><h4>grupa \u201eKosza\u0142ki Opa\u0142ki\u201d <br \/>&#8211; STARSZACY:<\/h4><p><strong>NAUCZYCIELE<\/strong><br \/>mgr Iwona Ko\u0142da<br \/>mgr Anna \u017burowska<\/p><p><strong>POMOC NAUCZYCIELA<\/strong><br \/>Danuta Piekarzewicz<\/p>\t\t\t\t\t\t\t\t<\/div>\n\t\t\t\t<\/div>\n\t\t\t\t<\/div>\n\t\t<div class=\"elementor-element elementor-element-da7cecd e-con-full e-flex e-con e-child\" data-id=\"da7cecd\" data-element_type=\"container\" data-e-type=\"container\">\n\t\t\t\t<div class=\"elementor-element elementor-element-6465756 elementor-widget elementor-widget-text-editor\" data-id=\"6465756\" data-element_type=\"widget\" data-e-type=\"widget\" data-widget_type=\"text-editor.default\">\n\t\t\t\t<div class=\"elementor-widget-container\">\n\t\t\t\t\t\t\t\t\t<h3>SPECJALI\u015aCI<\/h3><h3>Logopeda<\/h3><p>mgr Marta Wolska<\/p><h3>Pedagog Specjalny<\/h3><p>mgr Anna Polska<\/p><h3>Psycholog<\/h3><p>mgr Ma\u0142gorzata Polit<\/p><h3>J\u0119zyk angielski<\/h3><p>mgr Dorota G\u00f3rska-Ko\u0142odziej<\/p><h3>Katecheza<\/h3>\t\t\t\t\t\t\t\t<\/div>\n\t\t\t\t<\/div>\n\t\t\t\t<\/div>\n\t\t<div class=\"elementor-element elementor-element-1c21b08 e-con-full e-flex e-con e-child\" data-id=\"1c21b08\" data-element_type=\"container\" data-e-type=\"container\">\n\t\t\t\t<div class=\"elementor-element elementor-element-3927c41 elementor-widget elementor-widget-text-editor\" data-id=\"3927c41\" data-element_type=\"widget\" data-e-type=\"widget\" data-widget_type=\"text-editor.default\">\n\t\t\t\t<div class=\"elementor-widget-container\">\n\t\t\t\t\t\t\t\t\t<h3>ADMINISTRACJA<\/h3><h4>Intendent<\/h4><p>Ewa Wojciechowska<\/p><h4>Sekretarka<\/h4><p>Karolina Gewond<\/p><h4>G\u0142\u00f3wna Ksi\u0119gowa<\/h4><p>Ewa M\u0142y\u0144czak<\/p><h4>Ksi\u0119gowa<\/h4><p>Agnieszka Mandecka-Lisiak<\/p><h3>Pracownik Gospodarczy<\/h3><p>Wies\u0142aw Depowski<\/p>\t\t\t\t\t\t\t\t<\/div>\n\t\t\t\t<\/div>\n\t\t\t\t<\/div>\n\t\t\t\t\t<\/div>\n\t\t\t\t<\/div>\n\t\t\t\t<\/div>","protected":false},"excerpt":{"rendered":"<p>DYREKTOR mgr Dorota Snuszka NASZA KADRA grupa \u201eKrasnale\u201d &#8211; MALUCHY: NAUCZYCIELEmgr Anna Szubamgr Dorota Snuszka mgr Iwona Ko\u0142da POMOC NAUCZYCIELAEl\u017cbieta KordylewskaBarbara Kr\u00f3l grupa \u201eLe\u015bne Ludki\u201d &#8211; \u015aREDNIAKI: NAUCZYCIELEmgr Marlena Toni\u0144skamgr Aneta Piotrowska POMOC NAUCZYCIELAKarolina Zimowska grupa \u201eKosza\u0142ki Opa\u0142ki\u201d &#8211; STARSZACY: NAUCZYCIELEmgr Iwona Ko\u0142damgr Anna \u017burowska POMOC NAUCZYCIELADanuta Piekarzewicz SPECJALI\u015aCI Logopeda mgr Marta Wolska Pedagog Specjalny&#8230;<\/p>","protected":false},"author":1,"featured_media":0,"parent":0,"menu_order":0,"comment_status":"closed","ping_status":"closed","template":"","meta":{"inline_featured_image":false,"footnotes":""},"class_list":["post-3087","page","type-page","status-publish","hentry"],"_links":{"self":[{"href":"https:\/\/przedszkole2.pl\/en\/wp-json\/wp\/v2\/pages\/3087","targetHints":{"allow":["GET"]}}],"collection":[{"href":"https:\/\/przedszkole2.pl\/en\/wp-json\/wp\/v2\/pages"}],"about":[{"href":"https:\/\/przedszkole2.pl\/en\/wp-json\/wp\/v2\/types\/page"}],"author":[{"embeddable":true,"href":"https:\/\/przedszkole2.pl\/en\/wp-json\/wp\/v2\/users\/1"}],"replies":[{"embeddable":true,"href":"https:\/\/przedszkole2.pl\/en\/wp-json\/wp\/v2\/comments?post=3087"}],"version-history":[{"count":76,"href":"https:\/\/przedszkole2.pl\/en\/wp-json\/wp\/v2\/pages\/3087\/revisions"}],"predecessor-version":[{"id":8271,"href":"https:\/\/przedszkole2.pl\/en\/wp-json\/wp\/v2\/pages\/3087\/revisions\/8271"}],"wp:attachment":[{"href":"https:\/\/przedszkole2.pl\/en\/wp-json\/wp\/v2\/media?parent=3087"}],"curies":[{"name":"wp","href":"https:\/\/api.w.org\/{rel}","templated":true}]}}