{"id":3107,"date":"2023-12-27T20:14:11","date_gmt":"2023-12-27T19:14:11","guid":{"rendered":"http:\/\/przedszkole2.pl\/?page_id=3107"},"modified":"2025-09-08T23:13:22","modified_gmt":"2025-09-08T21:13:22","slug":"projekty","status":"publish","type":"page","link":"https:\/\/przedszkole2.pl\/en\/projekty\/","title":{"rendered":"Projekty"},"content":{"rendered":"<div data-elementor-type=\"wp-page\" data-elementor-id=\"3107\" class=\"elementor elementor-3107\" data-elementor-post-type=\"page\">\n\t\t\t\t<div class=\"elementor-element elementor-element-7bac4f4b e-flex e-con-boxed e-con e-parent\" data-id=\"7bac4f4b\" data-element_type=\"container\" data-e-type=\"container\">\n\t\t\t\t\t<div class=\"e-con-inner\">\n\t\t\t\t<div class=\"elementor-element elementor-element-2b72c299 elementor-widget elementor-widget-text-editor\" data-id=\"2b72c299\" data-element_type=\"widget\" data-e-type=\"widget\" data-widget_type=\"text-editor.default\">\n\t\t\t\t<div class=\"elementor-widget-container\">\n\t\t\t\t\t\t\t\t\t<p><b>Projekty edukacyjne realizowane w roku 2025\/2026:<\/b><\/p>\n<p><!-- \/wp:paragraph --><!-- wp:paragraph --><!-- \/wp:paragraph --><\/p>\t\t\t\t\t\t\t\t<\/div>\n\t\t\t\t<\/div>\n\t\t\t\t\t<\/div>\n\t\t\t\t<\/div>\n\t\t<div class=\"elementor-element elementor-element-94be918 e-flex e-con-boxed e-con e-parent\" data-id=\"94be918\" data-element_type=\"container\" data-e-type=\"container\">\n\t\t\t\t\t<div class=\"e-con-inner\">\n\t\t\t\t<div class=\"elementor-element elementor-element-2abf0d4 elementor-widget elementor-widget-text-editor\" data-id=\"2abf0d4\" data-element_type=\"widget\" data-e-type=\"widget\" data-widget_type=\"text-editor.default\">\n\t\t\t\t<div class=\"elementor-widget-container\">\n\t\t\t\t\t\t\t\t\t<h6>Przedszkole nr 2 w Mosinie bierze udzia\u0142 w projektach og\u00f3lnopolskich:<\/h6>\n<p>&#8220;Z Kici\u0105 Koci\u0105 maluchy zmieniaj\u0105 si\u0119 w zuchy &#8220;<\/p>\n<p>&#8220;Zdrowo i sportowo&#8221;<\/p>\n<p>&#8221; Ma\u0142y Mi\u015b w \u015awiecie Wielkiej Literatury&#8221;<\/p>\n<p>Eduesa &#8220;Edukacyjna Sie\u0107 Antysmogowa&#8221;<\/p>\n<p>&#8220;Serdeczna karteczka&#8221;<\/p>\n<p>&#8220;Necio.pl&#8221;<\/p>\n<h6>Realizowane s\u0105 tak\u017ce projekty wewn\u0119trzne dla grupy \u015bredniak\u00f3w i starszak\u00f3w:<\/h6>\n<p>&#8220;Gimnastyka dla skrzacika&#8221;<\/p>\n<p>&#8220;Zostaje ratownikiem dzielnym skrzacikiem&#8221;<\/p>\n<p>&#8221; Weso\u0142e Skrzaty na tropie kod\u00f3w&#8221;.<\/p>\n<h6>Psycholog przedszkolny realizuje dwa projekty dla grupy \u015bredniak\u00f3w i starszak\u00f3w:<\/h6>\n<p>Warsztaty w ramach Treningu Umiej\u0119tno\u015bci Spo\u0142ecznych &#8221; Jak \u017cy\u0107 w otoczeniu innych?&#8221;\u00a0<\/p>\n<p>Mindfullness &#8211; &#8220;Moja supermoc&#8221; &#8211; uwa\u017cno\u015b\u0107 i spok\u00f3j \u017cabki.<\/p>\n<h6>Pedagog specjalny realizuje projekt dla grupy \u015bredniak\u00f3w i starszak\u00f3w:<\/h6>\n<p>&#8220;Skarpetkowa terapia emocji&#8221;<\/p>\n<h6>Logopeda realizuje projekt dla wszystkich grup przedszkolnych:<\/h6>\n<p>&#8221; Gimnastyka buzi i j\u0119zyka&#8221;.<\/p>\t\t\t\t\t\t\t\t<\/div>\n\t\t\t\t<\/div>\n\t\t\t\t\t<\/div>\n\t\t\t\t<\/div>\n\t\t<div class=\"elementor-element elementor-element-dd0efd7 e-grid e-con-full e-con e-parent\" data-id=\"dd0efd7\" data-element_type=\"container\" data-e-type=\"container\">\n\t\t\t\t<div class=\"elementor-element elementor-element-ba80df2 elementor-widget elementor-widget-image\" data-id=\"ba80df2\" data-element_type=\"widget\" data-e-type=\"widget\" data-widget_type=\"image.default\">\n\t\t\t\t<div class=\"elementor-widget-container\">\n\t\t\t\t\t\t\t\t\t\t\t\t\t\t\t<img fetchpriority=\"high\" decoding=\"async\" width=\"724\" height=\"1024\" src=\"https:\/\/przedszkole2.pl\/wp-content\/uploads\/Nowy-Plakat-Maluchy-zmieniaja-sie-w-Zuchy--724x1024.png\" class=\"attachment-large size-large wp-image-5332\" alt=\"Projekty\" srcset=\"https:\/\/przedszkole2.pl\/wp-content\/uploads\/Nowy-Plakat-Maluchy-zmieniaja-sie-w-Zuchy--724x1024.png 724w, https:\/\/przedszkole2.pl\/wp-content\/uploads\/Nowy-Plakat-Maluchy-zmieniaja-sie-w-Zuchy--212x300.png 212w, https:\/\/przedszkole2.pl\/wp-content\/uploads\/Nowy-Plakat-Maluchy-zmieniaja-sie-w-Zuchy--768x1086.png 768w, https:\/\/przedszkole2.pl\/wp-content\/uploads\/Nowy-Plakat-Maluchy-zmieniaja-sie-w-Zuchy--1086x1536.png 1086w, https:\/\/przedszkole2.pl\/wp-content\/uploads\/Nowy-Plakat-Maluchy-zmieniaja-sie-w-Zuchy--8x12.png 8w, https:\/\/przedszkole2.pl\/wp-content\/uploads\/Nowy-Plakat-Maluchy-zmieniaja-sie-w-Zuchy-.png 1414w\" sizes=\"(max-width: 724px) 100vw, 724px\" title=\"Nowy Plakat Maluchy zmieniaj\u0105 si\u0119 w Zuchy\" \/>\t\t\t\t\t\t\t\t\t\t\t\t\t\t\t<\/div>\n\t\t\t\t<\/div>\n\t\t\t\t<div class=\"elementor-element elementor-element-d3c533e elementor-widget elementor-widget-image\" data-id=\"d3c533e\" data-element_type=\"widget\" data-e-type=\"widget\" data-widget_type=\"image.default\">\n\t\t\t\t<div class=\"elementor-widget-container\">\n\t\t\t\t\t\t\t\t\t\t\t\t\t\t\t<img decoding=\"async\" width=\"214\" height=\"307\" src=\"https:\/\/przedszkole2.pl\/wp-content\/uploads\/ikonka-maly-mis-w-swiecie-wielkiej-literatury-2.jpg\" class=\"attachment-large size-large wp-image-5666\" alt=\"Projekty\" srcset=\"https:\/\/przedszkole2.pl\/wp-content\/uploads\/ikonka-maly-mis-w-swiecie-wielkiej-literatury-2.jpg 214w, https:\/\/przedszkole2.pl\/wp-content\/uploads\/ikonka-maly-mis-w-swiecie-wielkiej-literatury-2-209x300.jpg 209w, https:\/\/przedszkole2.pl\/wp-content\/uploads\/ikonka-maly-mis-w-swiecie-wielkiej-literatury-2-8x12.jpg 8w\" sizes=\"(max-width: 214px) 100vw, 214px\" title=\"ikonka-maly-mis-w-swiecie-wielkiej-literatury-2\" \/>\t\t\t\t\t\t\t\t\t\t\t\t\t\t\t<\/div>\n\t\t\t\t<\/div>\n\t\t\t\t<div class=\"elementor-element elementor-element-77e2b7c elementor-widget elementor-widget-image\" data-id=\"77e2b7c\" data-element_type=\"widget\" data-e-type=\"widget\" data-widget_type=\"image.default\">\n\t\t\t\t<div class=\"elementor-widget-container\">\n\t\t\t\t\t\t\t\t\t\t\t\t\t\t\t<img decoding=\"async\" width=\"708\" height=\"1024\" src=\"https:\/\/przedszkole2.pl\/wp-content\/uploads\/20241003_071339-1-708x1024.jpg\" class=\"attachment-large size-large wp-image-5560\" alt=\"Projekty\" srcset=\"https:\/\/przedszkole2.pl\/wp-content\/uploads\/20241003_071339-1-708x1024.jpg 708w, https:\/\/przedszkole2.pl\/wp-content\/uploads\/20241003_071339-1-207x300.jpg 207w, https:\/\/przedszkole2.pl\/wp-content\/uploads\/20241003_071339-1-768x1111.jpg 768w, https:\/\/przedszkole2.pl\/wp-content\/uploads\/20241003_071339-1-1062x1536.jpg 1062w, https:\/\/przedszkole2.pl\/wp-content\/uploads\/20241003_071339-1-1416x2048.jpg 1416w, https:\/\/przedszkole2.pl\/wp-content\/uploads\/20241003_071339-1-8x12.jpg 8w, https:\/\/przedszkole2.pl\/wp-content\/uploads\/20241003_071339-1-scaled.jpg 1770w\" sizes=\"(max-width: 708px) 100vw, 708px\" title=\"20241003_071339 (1)\" \/>\t\t\t\t\t\t\t\t\t\t\t\t\t\t\t<\/div>\n\t\t\t\t<\/div>\n\t\t\t\t<div class=\"elementor-element elementor-element-d5d3914 elementor-widget elementor-widget-image\" data-id=\"d5d3914\" data-element_type=\"widget\" data-e-type=\"widget\" data-widget_type=\"image.default\">\n\t\t\t\t<div class=\"elementor-widget-container\">\n\t\t\t\t\t\t\t\t\t\t\t\t\t\t\t<img loading=\"lazy\" decoding=\"async\" width=\"724\" height=\"1024\" src=\"https:\/\/przedszkole2.pl\/wp-content\/uploads\/3.Plakat_ESA_co_robic_aby_walczyc_ze_smogiem-724x1024.jpg\" class=\"attachment-large size-large wp-image-6848\" alt=\"Projekty\" srcset=\"https:\/\/przedszkole2.pl\/wp-content\/uploads\/3.Plakat_ESA_co_robic_aby_walczyc_ze_smogiem-724x1024.jpg 724w, https:\/\/przedszkole2.pl\/wp-content\/uploads\/3.Plakat_ESA_co_robic_aby_walczyc_ze_smogiem-212x300.jpg 212w, https:\/\/przedszkole2.pl\/wp-content\/uploads\/3.Plakat_ESA_co_robic_aby_walczyc_ze_smogiem-768x1086.jpg 768w, https:\/\/przedszkole2.pl\/wp-content\/uploads\/3.Plakat_ESA_co_robic_aby_walczyc_ze_smogiem-1086x1536.jpg 1086w, https:\/\/przedszkole2.pl\/wp-content\/uploads\/3.Plakat_ESA_co_robic_aby_walczyc_ze_smogiem-1448x2048.jpg 1448w, https:\/\/przedszkole2.pl\/wp-content\/uploads\/3.Plakat_ESA_co_robic_aby_walczyc_ze_smogiem-8x12.jpg 8w, https:\/\/przedszkole2.pl\/wp-content\/uploads\/3.Plakat_ESA_co_robic_aby_walczyc_ze_smogiem-scaled.jpg 1810w\" sizes=\"(max-width: 724px) 100vw, 724px\" title=\"3.Plakat_ESA_co_robic_aby_walczyc_ze_smogiem\" \/>\t\t\t\t\t\t\t\t\t\t\t\t\t\t\t<\/div>\n\t\t\t\t<\/div>\n\t\t\t\t<div class=\"elementor-element elementor-element-61b8fac elementor-widget elementor-widget-image\" data-id=\"61b8fac\" data-element_type=\"widget\" data-e-type=\"widget\" data-widget_type=\"image.default\">\n\t\t\t\t<div class=\"elementor-widget-container\">\n\t\t\t\t\t\t\t\t\t\t\t\t\t\t\t<img loading=\"lazy\" decoding=\"async\" width=\"724\" height=\"1024\" src=\"https:\/\/przedszkole2.pl\/wp-content\/uploads\/Projekt-bez-nazwy-4-724x1024.jpg\" class=\"attachment-large size-large wp-image-7688\" alt=\"Projekty\" srcset=\"https:\/\/przedszkole2.pl\/wp-content\/uploads\/Projekt-bez-nazwy-4-724x1024.jpg 724w, https:\/\/przedszkole2.pl\/wp-content\/uploads\/Projekt-bez-nazwy-4-212x300.jpg 212w, https:\/\/przedszkole2.pl\/wp-content\/uploads\/Projekt-bez-nazwy-4-768x1086.jpg 768w, https:\/\/przedszkole2.pl\/wp-content\/uploads\/Projekt-bez-nazwy-4-1086x1536.jpg 1086w, https:\/\/przedszkole2.pl\/wp-content\/uploads\/Projekt-bez-nazwy-4-8x12.jpg 8w, https:\/\/przedszkole2.pl\/wp-content\/uploads\/Projekt-bez-nazwy-4.jpg 1414w\" sizes=\"(max-width: 724px) 100vw, 724px\" title=\"Projekt bez nazwy (4)\" \/>\t\t\t\t\t\t\t\t\t\t\t\t\t\t\t<\/div>\n\t\t\t\t<\/div>\n\t\t\t\t<div class=\"elementor-element elementor-element-82e1ace elementor-widget elementor-widget-image\" data-id=\"82e1ace\" data-element_type=\"widget\" data-e-type=\"widget\" data-widget_type=\"image.default\">\n\t\t\t\t<div class=\"elementor-widget-container\">\n\t\t\t\t\t\t\t\t\t\t\t\t\t\t\t<img loading=\"lazy\" decoding=\"async\" width=\"724\" height=\"1024\" src=\"https:\/\/przedszkole2.pl\/wp-content\/uploads\/1-3-724x1024.jpg\" class=\"attachment-large size-large wp-image-7715\" alt=\"Projekty\" srcset=\"https:\/\/przedszkole2.pl\/wp-content\/uploads\/1-3-724x1024.jpg 724w, https:\/\/przedszkole2.pl\/wp-content\/uploads\/1-3-212x300.jpg 212w, https:\/\/przedszkole2.pl\/wp-content\/uploads\/1-3-768x1086.jpg 768w, https:\/\/przedszkole2.pl\/wp-content\/uploads\/1-3-1086x1536.jpg 1086w, https:\/\/przedszkole2.pl\/wp-content\/uploads\/1-3-8x12.jpg 8w, https:\/\/przedszkole2.pl\/wp-content\/uploads\/1-3.jpg 1414w\" sizes=\"(max-width: 724px) 100vw, 724px\" title=\"1\" \/>\t\t\t\t\t\t\t\t\t\t\t\t\t\t\t<\/div>\n\t\t\t\t<\/div>\n\t\t\t\t<\/div>\n\t\t<div class=\"elementor-element elementor-element-1dd4c83 e-con-full e-flex e-con e-parent\" data-id=\"1dd4c83\" data-element_type=\"container\" data-e-type=\"container\">\n\t\t\t\t<\/div>\n\t\t\t\t<\/div>","protected":false},"excerpt":{"rendered":"<p>Projekty edukacyjne realizowane w roku 2025\/2026: Przedszkole nr 2 w Mosinie bierze udzia\u0142 w projektach og\u00f3lnopolskich: &#8220;Z Kici\u0105 Koci\u0105 maluchy zmieniaj\u0105 si\u0119 w zuchy &#8220; &#8220;Zdrowo i sportowo&#8221; &#8221; Ma\u0142y Mi\u015b w \u015awiecie Wielkiej Literatury&#8221; Eduesa &#8220;Edukacyjna Sie\u0107 Antysmogowa&#8221; &#8220;Serdeczna karteczka&#8221; &#8220;Necio.pl&#8221; Realizowane s\u0105 tak\u017ce projekty wewn\u0119trzne dla grupy \u015bredniak\u00f3w i starszak\u00f3w: &#8220;Gimnastyka dla skrzacika&#8221;&#8230;<\/p>","protected":false},"author":1,"featured_media":0,"parent":0,"menu_order":0,"comment_status":"closed","ping_status":"closed","template":"","meta":{"inline_featured_image":false,"footnotes":""},"class_list":["post-3107","page","type-page","status-publish","hentry"],"_links":{"self":[{"href":"https:\/\/przedszkole2.pl\/en\/wp-json\/wp\/v2\/pages\/3107","targetHints":{"allow":["GET"]}}],"collection":[{"href":"https:\/\/przedszkole2.pl\/en\/wp-json\/wp\/v2\/pages"}],"about":[{"href":"https:\/\/przedszkole2.pl\/en\/wp-json\/wp\/v2\/types\/page"}],"author":[{"embeddable":true,"href":"https:\/\/przedszkole2.pl\/en\/wp-json\/wp\/v2\/users\/1"}],"replies":[{"embeddable":true,"href":"https:\/\/przedszkole2.pl\/en\/wp-json\/wp\/v2\/comments?post=3107"}],"version-history":[{"count":64,"href":"https:\/\/przedszkole2.pl\/en\/wp-json\/wp\/v2\/pages\/3107\/revisions"}],"predecessor-version":[{"id":7719,"href":"https:\/\/przedszkole2.pl\/en\/wp-json\/wp\/v2\/pages\/3107\/revisions\/7719"}],"wp:attachment":[{"href":"https:\/\/przedszkole2.pl\/en\/wp-json\/wp\/v2\/media?parent=3107"}],"curies":[{"name":"wp","href":"https:\/\/api.w.org\/{rel}","templated":true}]}}