{"id":3734,"date":"2024-01-11T12:01:08","date_gmt":"2024-01-11T11:01:08","guid":{"rendered":"http:\/\/przedszkole2.pl\/?page_id=3734"},"modified":"2024-02-20T14:20:45","modified_gmt":"2024-02-20T13:20:45","slug":"rodo","status":"publish","type":"page","link":"https:\/\/przedszkole2.pl\/en\/rodo\/","title":{"rendered":"RODO"},"content":{"rendered":"<div data-elementor-type=\"wp-page\" data-elementor-id=\"3734\" class=\"elementor elementor-3734\" data-elementor-post-type=\"page\">\n\t\t\t\t<div class=\"elementor-element elementor-element-7bac4f4b e-flex e-con-boxed e-con e-parent\" data-id=\"7bac4f4b\" data-element_type=\"container\" data-e-type=\"container\">\n\t\t\t\t\t<div class=\"e-con-inner\">\n\t\t\t\t<div class=\"elementor-element elementor-element-2b72c299 elementor-widget elementor-widget-text-editor\" data-id=\"2b72c299\" data-element_type=\"widget\" data-e-type=\"widget\" data-widget_type=\"text-editor.default\">\n\t\t\t\t<div class=\"elementor-widget-container\">\n\t\t\t\t\t\t\t\t\t<p><span style=\"font-family: 'Roboto Slab';\">W plac\u00f3wce powo\u0142any zosta\u0142 Inspektor Ochrony Danych \u2013 Tomasz Stochnia\u0142ek.<br \/><\/span>Mo\u017cna si\u0119 z nim skontaktowa\u0107 pisz\u0105c na adres poczty elektronicznej: <a href=\"mailto:iod@tmp.pl\">iod@tmp.pl<\/a>.<\/p><p><span style=\"font-family: 'Roboto Slab';\">Klauzule informacyjne (pliki w formacie PDF):<\/span><\/p><p><span style=\"font-family: 'Roboto Slab';\"><a href=\"https:\/\/przedszkole2.pl\/wp-content\/uploads\/2024\/01\/1-klauzula-informacyjna-ogolna-dla-rodzicow-Przedszkole-P2.pdf\" target=\"_blank\" rel=\"noopener\">1. Klauzula informacyjna o przetwarzaniu danych osobowych dla rodzic\u00f3w \/ opiekun\u00f3w prawnych dzieci (og\u00f3lna).<\/a><\/span><br \/><span style=\"font-family: 'Roboto Slab';\"><a href=\"https:\/\/przedszkole2.pl\/wp-content\/uploads\/2024\/01\/2-Klauzula-informacyjna-wizerunek-cel-informacyjny-i-promocyjny-P2.pdf\" target=\"_blank\" rel=\"noopener\">2. Klauzula informacyjna o przetwarzaniu danych osobowych w celu informacyjnym i promocyjnym &#8211; strony www \u2013 wizerunek i inne dane<\/a>.<\/span><br \/><span style=\"font-family: 'Roboto Slab';\"><a href=\"https:\/\/przedszkole2.pl\/wp-content\/uploads\/2024\/01\/3-Klauzula-informacyjna-dla-kontrahenta-i-jego-przedstawicieli-Przedszkole-P2.pdf\" target=\"_blank\" rel=\"noopener\">3. Klauzula informacyjna dotycz\u0105ca przetwarzania danych osobowych dla kontrahent\u00f3w i ich przedstawicieli<\/a>. <\/span><br \/><span style=\"font-family: 'Roboto Slab';\"><a href=\"https:\/\/przedszkole2.pl\/wp-content\/uploads\/2024\/01\/4-Klauzula-informacyjna-dla-osoby-upowaznionej-do-odbioru-dziecka-z-przedszkola-Przedszkole-P2.pdf\" target=\"_blank\" rel=\"noopener\">4. Klauzula informacyjna dotycz\u0105ca danych osobowych dla osoby upowa\u017cnionej do odbioru dziecka z przedszkola<\/a>.<\/span><\/p>\t\t\t\t\t\t\t\t<\/div>\n\t\t\t\t<\/div>\n\t\t\t\t\t<\/div>\n\t\t\t\t<\/div>\n\t\t\t\t<\/div>","protected":false},"excerpt":{"rendered":"<p>W plac\u00f3wce powo\u0142any zosta\u0142 Inspektor Ochrony Danych \u2013 Tomasz Stochnia\u0142ek.Mo\u017cna si\u0119 z nim skontaktowa\u0107 pisz\u0105c na adres poczty elektronicznej: iod@tmp.pl. Klauzule informacyjne (pliki w formacie PDF): 1. Klauzula informacyjna o przetwarzaniu danych osobowych dla rodzic\u00f3w \/ opiekun\u00f3w prawnych dzieci (og\u00f3lna).2. Klauzula informacyjna o przetwarzaniu danych osobowych w celu informacyjnym i promocyjnym &#8211; strony www \u2013&#8230;<\/p>","protected":false},"author":1,"featured_media":0,"parent":0,"menu_order":0,"comment_status":"closed","ping_status":"closed","template":"","meta":{"inline_featured_image":false,"footnotes":""},"class_list":["post-3734","page","type-page","status-publish","hentry"],"_links":{"self":[{"href":"https:\/\/przedszkole2.pl\/en\/wp-json\/wp\/v2\/pages\/3734","targetHints":{"allow":["GET"]}}],"collection":[{"href":"https:\/\/przedszkole2.pl\/en\/wp-json\/wp\/v2\/pages"}],"about":[{"href":"https:\/\/przedszkole2.pl\/en\/wp-json\/wp\/v2\/types\/page"}],"author":[{"embeddable":true,"href":"https:\/\/przedszkole2.pl\/en\/wp-json\/wp\/v2\/users\/1"}],"replies":[{"embeddable":true,"href":"https:\/\/przedszkole2.pl\/en\/wp-json\/wp\/v2\/comments?post=3734"}],"version-history":[{"count":40,"href":"https:\/\/przedszkole2.pl\/en\/wp-json\/wp\/v2\/pages\/3734\/revisions"}],"predecessor-version":[{"id":4145,"href":"https:\/\/przedszkole2.pl\/en\/wp-json\/wp\/v2\/pages\/3734\/revisions\/4145"}],"wp:attachment":[{"href":"https:\/\/przedszkole2.pl\/en\/wp-json\/wp\/v2\/media?parent=3734"}],"curies":[{"name":"wp","href":"https:\/\/api.w.org\/{rel}","templated":true}]}}