{"id":3843,"date":"2024-01-13T16:25:40","date_gmt":"2024-01-13T15:25:40","guid":{"rendered":"http:\/\/przedszkole2.pl\/?page_id=3843"},"modified":"2025-09-06T14:16:19","modified_gmt":"2025-09-06T12:16:19","slug":"zajecia-dodatkowe","status":"publish","type":"page","link":"https:\/\/przedszkole2.pl\/en\/zajecia-dodatkowe\/","title":{"rendered":"Zaj\u0119cia dodatkowe"},"content":{"rendered":"<div data-elementor-type=\"wp-page\" data-elementor-id=\"3843\" class=\"elementor elementor-3843\" data-elementor-post-type=\"page\">\n\t\t\t\t<div class=\"elementor-element elementor-element-fee8a15 e-con-full e-flex e-con e-parent\" data-id=\"fee8a15\" data-element_type=\"container\" data-e-type=\"container\">\n\t\t<div class=\"elementor-element elementor-element-bbb6e22 e-con-full e-flex e-con e-child\" data-id=\"bbb6e22\" data-element_type=\"container\" data-e-type=\"container\">\n\t\t\t\t<div class=\"elementor-element elementor-element-2b72c299 elementor-widget elementor-widget-text-editor\" data-id=\"2b72c299\" data-element_type=\"widget\" data-e-type=\"widget\" data-widget_type=\"text-editor.default\">\n\t\t\t\t<div class=\"elementor-widget-container\">\n\t\t\t\t\t\t\t\t\t<h3>J\u0119zyk angielski<\/h3><h5>Krasnale<\/h5><p>poniedzia\u0142ek 08:00-08:30<br \/>czwartek 08:00-08:30<\/p><h5>Le\u015bne Ludki<\/h5><p>poniedzia\u0142ek 09:00-09:30<br \/>czwartek 09:00-09:30<\/p><h5>Kosza\u0142ki-Opa\u0142ki<\/h5><p>poniedzia\u0142ek 08:30-09:00<br \/>czwartek 08:30-09:00<\/p>\t\t\t\t\t\t\t\t<\/div>\n\t\t\t\t<\/div>\n\t\t\t\t<\/div>\n\t\t<div class=\"elementor-element elementor-element-ae5b367 e-con-full e-flex e-con e-child\" data-id=\"ae5b367\" data-element_type=\"container\" data-e-type=\"container\">\n\t\t\t\t<div class=\"elementor-element elementor-element-f9d0449 elementor-widget elementor-widget-text-editor\" data-id=\"f9d0449\" data-element_type=\"widget\" data-e-type=\"widget\" data-widget_type=\"text-editor.default\">\n\t\t\t\t<div class=\"elementor-widget-container\">\n\t\t\t\t\t\t\t\t\t<h3>Logopedia<\/h3><p>poniedzia\u0142ek 08:00 &#8211; 11:00<\/p><p>wtorek 10:00 &#8211; 15:00<\/p><p>\u015broda 9:00- 12:00<\/p>\t\t\t\t\t\t\t\t<\/div>\n\t\t\t\t<\/div>\n\t\t\t\t<\/div>\n\t\t<div class=\"elementor-element elementor-element-3b6673f e-con-full e-flex e-con e-child\" data-id=\"3b6673f\" data-element_type=\"container\" data-e-type=\"container\">\n\t\t\t\t<div class=\"elementor-element elementor-element-5bd679d elementor-widget elementor-widget-text-editor\" data-id=\"5bd679d\" data-element_type=\"widget\" data-e-type=\"widget\" data-widget_type=\"text-editor.default\">\n\t\t\t\t<div class=\"elementor-widget-container\">\n\t\t\t\t\t\t\t\t\t<h3>Psycholog<\/h3><p>poniedzia\u0142ek 08:00 &#8211; 12:00<\/p><p>wtorek 08:00 &#8211; 13:00<\/p><p>czwartek 11:30 &#8211; 13:30<\/p>\t\t\t\t\t\t\t\t<\/div>\n\t\t\t\t<\/div>\n\t\t\t\t<\/div>\n\t\t<div class=\"elementor-element elementor-element-de03468 e-con-full e-flex e-con e-child\" data-id=\"de03468\" data-element_type=\"container\" data-e-type=\"container\">\n\t\t\t\t<div class=\"elementor-element elementor-element-ebdcb81 elementor-widget elementor-widget-text-editor\" data-id=\"ebdcb81\" data-element_type=\"widget\" data-e-type=\"widget\" data-widget_type=\"text-editor.default\">\n\t\t\t\t<div class=\"elementor-widget-container\">\n\t\t\t\t\t\t\t\t\t<h3>Pedagog specjalny<\/h3><p>\u00a0wtorek 07:30 &#8211; 10:30<\/p><p>\u00a0\u015broda 11:30 &#8211; 14:30<\/p><p>czwartek 07:30 &#8211; 12:30<\/p>\t\t\t\t\t\t\t\t<\/div>\n\t\t\t\t<\/div>\n\t\t\t\t<\/div>\n\t\t\t\t<\/div>\n\t\t\t\t<\/div>","protected":false},"excerpt":{"rendered":"<p>J\u0119zyk angielski Krasnale poniedzia\u0142ek 08:00-08:30czwartek 08:00-08:30 Le\u015bne Ludki poniedzia\u0142ek 09:00-09:30czwartek 09:00-09:30 Kosza\u0142ki-Opa\u0142ki poniedzia\u0142ek 08:30-09:00czwartek 08:30-09:00 Logopedia poniedzia\u0142ek 08:00 &#8211; 11:00 wtorek 10:00 &#8211; 15:00 \u015broda 9:00- 12:00 Psycholog poniedzia\u0142ek 08:00 &#8211; 12:00 wtorek 08:00 &#8211; 13:00 czwartek 11:30 &#8211; 13:30 Pedagog specjalny \u00a0wtorek 07:30 &#8211; 10:30 \u00a0\u015broda 11:30 &#8211; 14:30 czwartek 07:30 &#8211; 12:30<\/p>","protected":false},"author":1,"featured_media":0,"parent":0,"menu_order":0,"comment_status":"closed","ping_status":"closed","template":"","meta":{"inline_featured_image":false,"footnotes":""},"class_list":["post-3843","page","type-page","status-publish","hentry"],"_links":{"self":[{"href":"https:\/\/przedszkole2.pl\/en\/wp-json\/wp\/v2\/pages\/3843","targetHints":{"allow":["GET"]}}],"collection":[{"href":"https:\/\/przedszkole2.pl\/en\/wp-json\/wp\/v2\/pages"}],"about":[{"href":"https:\/\/przedszkole2.pl\/en\/wp-json\/wp\/v2\/types\/page"}],"author":[{"embeddable":true,"href":"https:\/\/przedszkole2.pl\/en\/wp-json\/wp\/v2\/users\/1"}],"replies":[{"embeddable":true,"href":"https:\/\/przedszkole2.pl\/en\/wp-json\/wp\/v2\/comments?post=3843"}],"version-history":[{"count":49,"href":"https:\/\/przedszkole2.pl\/en\/wp-json\/wp\/v2\/pages\/3843\/revisions"}],"predecessor-version":[{"id":7678,"href":"https:\/\/przedszkole2.pl\/en\/wp-json\/wp\/v2\/pages\/3843\/revisions\/7678"}],"wp:attachment":[{"href":"https:\/\/przedszkole2.pl\/en\/wp-json\/wp\/v2\/media?parent=3843"}],"curies":[{"name":"wp","href":"https:\/\/api.w.org\/{rel}","templated":true}]}}