{"id":3856,"date":"2024-01-13T16:42:16","date_gmt":"2024-01-13T15:42:16","guid":{"rendered":"http:\/\/przedszkole2.pl\/?page_id=3856"},"modified":"2024-01-23T17:14:10","modified_gmt":"2024-01-23T16:14:10","slug":"ramowy-rozklad-dnia","status":"publish","type":"page","link":"https:\/\/przedszkole2.pl\/en\/ramowy-rozklad-dnia\/","title":{"rendered":"Ramowy rozk\u0142ad dnia"},"content":{"rendered":"<div data-elementor-type=\"wp-page\" data-elementor-id=\"3856\" class=\"elementor elementor-3856\" data-elementor-post-type=\"page\">\n\t\t\t\t<div class=\"elementor-element elementor-element-7bac4f4b e-flex e-con-boxed e-con e-parent\" data-id=\"7bac4f4b\" data-element_type=\"container\" data-e-type=\"container\">\n\t\t\t\t\t<div class=\"e-con-inner\">\n\t\t\t\t<div class=\"elementor-element elementor-element-2b72c299 elementor-widget elementor-widget-text-editor\" data-id=\"2b72c299\" data-element_type=\"widget\" data-e-type=\"widget\" data-widget_type=\"text-editor.default\">\n\t\t\t\t<div class=\"elementor-widget-container\">\n\t\t\t\t\t\t\t\t\t<p><strong>06:00 &#8211; 08:00<\/strong><br \/>Zabawy w k\u0105cikach zainteresowa\u0144; zabawy dowolne wg inwencji dzieci: manipulacyjne, konstrukcyjne, tematyczne; praca z zespo\u0142em dzieci lub indywidualna o charakterze obserwacyjnym, stymuluj\u0105co-kompensacyjnym i wychowawczym; praca z dzieckiem zdolnym<\/p><p><strong>08:00 &#8211; 08:15<\/strong><br \/>Zestaw zabaw i \u0107wicze\u0144 porannych<\/p><p><strong>08:15 &#8211; 08:30<\/strong><br \/>Zabiegi higieniczne i przygotowanie do \u015bniadania<\/p><p><strong>08:30 &#8211; 09:00<\/strong><br \/>\u015aniadanie<\/p><p><strong>09:00 &#8211; 10:00<\/strong><br \/>Zintegrowana dzia\u0142alno\u015b\u0107 edukacyjna w oparciu o podstaw\u0119 programow\u0105<\/p><p><strong>10:00 &#8211; 11:50<\/strong><br \/>Zabawy dowolne wg zainteresowa\u0144; spacery; wycieczki; kontakty okoliczno\u015bciowe; zaj\u0119cia dodatkowe; zabawy dowolne, zabawy ruchowe, gry sportowe w ogrodzie przedszkolnym<\/p><p><strong>12:15 &#8211; 13:00<\/strong><br \/>Obiad<\/p><p><strong>13:00 &#8211; 14:00<\/strong><br \/>3-latki: poobiedni odpoczynek na le\u017cakach; s\u0142uchanie bajek czytanych przez nauczyciela lub odtwarzanych z p\u0142yt CD; relaksacja; 4-5 latki: zaj\u0119cia popo\u0142udniowe<\/p><p><strong>14:00 \u2013 14:30<\/strong><br \/>Podwieczorek<\/p><p><strong>14:30 \u2013 16:30<\/strong><br \/>Zabawy integracyjne, zabawy podejmowane z inicjatywy dzieci; \u0107wiczenia i zabawy utrwalaj\u0105ce wiadomo\u015bci z zaj\u0119\u0107 edukacyjnych; zabawy w ogrodzie przedszkolnym; indywidualne wspomaganie i korygowanie rozwoju dzieci, praca z dzieckiem zdolnym<\/p><p><strong>PRZEDSZKOLE CZYNNE 06:00 \u2013 16:30<\/strong><\/p>\t\t\t\t\t\t\t\t<\/div>\n\t\t\t\t<\/div>\n\t\t\t\t\t<\/div>\n\t\t\t\t<\/div>\n\t\t\t\t<\/div>","protected":false},"excerpt":{"rendered":"<p>06:00 &#8211; 08:00Zabawy w k\u0105cikach zainteresowa\u0144; zabawy dowolne wg inwencji dzieci: manipulacyjne, konstrukcyjne, tematyczne; praca z zespo\u0142em dzieci lub indywidualna o charakterze obserwacyjnym, stymuluj\u0105co-kompensacyjnym i wychowawczym; praca z dzieckiem zdolnym 08:00 &#8211; 08:15Zestaw zabaw i \u0107wicze\u0144 porannych 08:15 &#8211; 08:30Zabiegi higieniczne i przygotowanie do \u015bniadania 08:30 &#8211; 09:00\u015aniadanie 09:00 &#8211; 10:00Zintegrowana dzia\u0142alno\u015b\u0107 edukacyjna w oparciu&#8230;<\/p>","protected":false},"author":1,"featured_media":0,"parent":0,"menu_order":0,"comment_status":"closed","ping_status":"closed","template":"","meta":{"inline_featured_image":false,"footnotes":""},"class_list":["post-3856","page","type-page","status-publish","hentry"],"_links":{"self":[{"href":"https:\/\/przedszkole2.pl\/en\/wp-json\/wp\/v2\/pages\/3856","targetHints":{"allow":["GET"]}}],"collection":[{"href":"https:\/\/przedszkole2.pl\/en\/wp-json\/wp\/v2\/pages"}],"about":[{"href":"https:\/\/przedszkole2.pl\/en\/wp-json\/wp\/v2\/types\/page"}],"author":[{"embeddable":true,"href":"https:\/\/przedszkole2.pl\/en\/wp-json\/wp\/v2\/users\/1"}],"replies":[{"embeddable":true,"href":"https:\/\/przedszkole2.pl\/en\/wp-json\/wp\/v2\/comments?post=3856"}],"version-history":[{"count":10,"href":"https:\/\/przedszkole2.pl\/en\/wp-json\/wp\/v2\/pages\/3856\/revisions"}],"predecessor-version":[{"id":3909,"href":"https:\/\/przedszkole2.pl\/en\/wp-json\/wp\/v2\/pages\/3856\/revisions\/3909"}],"wp:attachment":[{"href":"https:\/\/przedszkole2.pl\/en\/wp-json\/wp\/v2\/media?parent=3856"}],"curies":[{"name":"wp","href":"https:\/\/api.w.org\/{rel}","templated":true}]}}