{"id":4337,"date":"2024-03-25T07:27:29","date_gmt":"2024-03-25T06:27:29","guid":{"rendered":"https:\/\/przedszkole2.pl\/?page_id=4337"},"modified":"2024-03-25T07:34:15","modified_gmt":"2024-03-25T06:34:15","slug":"deklaracja-dostepnosci","status":"publish","type":"page","link":"https:\/\/przedszkole2.pl\/en\/deklaracja-dostepnosci\/","title":{"rendered":"Deklaracja Dost\u0119pno\u015bci"},"content":{"rendered":"<div data-elementor-type=\"wp-page\" data-elementor-id=\"4337\" class=\"elementor elementor-4337\" data-elementor-post-type=\"page\">\n\t\t\t\t<div class=\"elementor-element elementor-element-7bac4f4b e-flex e-con-boxed e-con e-parent\" data-id=\"7bac4f4b\" data-element_type=\"container\" data-e-type=\"container\">\n\t\t\t\t\t<div class=\"e-con-inner\">\n\t\t\t\t<div class=\"elementor-element elementor-element-2b72c299 elementor-widget elementor-widget-text-editor\" data-id=\"2b72c299\" data-element_type=\"widget\" data-e-type=\"widget\" data-widget_type=\"text-editor.default\">\n\t\t\t\t<div class=\"elementor-widget-container\">\n\t\t\t\t\t\t\t\t\t<p>Do pobrania (plik w formacie PDF):<\/p><p><a href=\"https:\/\/przedszkole2.pl\/wp-content\/uploads\/2024\/03\/Deklaracja-dostepnosci-Przedszkola-nr-2-Wesole-Skrzaty-w-Mosinie.pdf\" target=\"_blank\" rel=\"noopener\">Deklaracja dost\u0119pno\u015bci strony internetowej oraz dost\u0119pno\u015bci architektonicznej Przedszkola nr 2 \u201eWeso\u0142e Skrzaty\u201d w Mosinie<\/a><\/p>\t\t\t\t\t\t\t\t<\/div>\n\t\t\t\t<\/div>\n\t\t\t\t\t<\/div>\n\t\t\t\t<\/div>\n\t\t\t\t<\/div>","protected":false},"excerpt":{"rendered":"<p>Do pobrania (plik w formacie PDF): Deklaracja dost\u0119pno\u015bci strony internetowej oraz dost\u0119pno\u015bci architektonicznej Przedszkola nr 2 \u201eWeso\u0142e Skrzaty\u201d w Mosinie<\/p>","protected":false},"author":1,"featured_media":0,"parent":0,"menu_order":0,"comment_status":"closed","ping_status":"closed","template":"","meta":{"inline_featured_image":false,"footnotes":""},"class_list":["post-4337","page","type-page","status-publish","hentry"],"_links":{"self":[{"href":"https:\/\/przedszkole2.pl\/en\/wp-json\/wp\/v2\/pages\/4337","targetHints":{"allow":["GET"]}}],"collection":[{"href":"https:\/\/przedszkole2.pl\/en\/wp-json\/wp\/v2\/pages"}],"about":[{"href":"https:\/\/przedszkole2.pl\/en\/wp-json\/wp\/v2\/types\/page"}],"author":[{"embeddable":true,"href":"https:\/\/przedszkole2.pl\/en\/wp-json\/wp\/v2\/users\/1"}],"replies":[{"embeddable":true,"href":"https:\/\/przedszkole2.pl\/en\/wp-json\/wp\/v2\/comments?post=4337"}],"version-history":[{"count":13,"href":"https:\/\/przedszkole2.pl\/en\/wp-json\/wp\/v2\/pages\/4337\/revisions"}],"predecessor-version":[{"id":4351,"href":"https:\/\/przedszkole2.pl\/en\/wp-json\/wp\/v2\/pages\/4337\/revisions\/4351"}],"wp:attachment":[{"href":"https:\/\/przedszkole2.pl\/en\/wp-json\/wp\/v2\/media?parent=4337"}],"curies":[{"name":"wp","href":"https:\/\/api.w.org\/{rel}","templated":true}]}}