{"id":5268,"date":"2024-09-05T11:18:08","date_gmt":"2024-09-05T09:18:08","guid":{"rendered":"https:\/\/przedszkole2.pl\/?page_id=5268"},"modified":"2025-08-27T22:42:57","modified_gmt":"2025-08-27T20:42:57","slug":"obecnosci-pl","status":"publish","type":"page","link":"https:\/\/przedszkole2.pl\/en\/obecnosci-pl\/","title":{"rendered":"OBECNOSCI.pl"},"content":{"rendered":"<h3>OBECNOSCI.pl &#8211; Instrukcja obs\u0142ugi aplikacji<\/h3>\n<h4>Drodzy rodzice\/opiekunowie dzieci naszego przedszkola.<\/h4>\n<p>W naszej plac\u00f3wce funkcjonuje elektroniczny system zaznaczania obecno\u015bci dziecka w przedszkolu i naliczania op\u0142at. Dodatkowo jest to r\u00f3wnie\u017c forma kontaktu wychowawcy z rodzicami. Ka\u017cdy rodzic dziecka ma obowi\u0105zek pobrania aplikacji i zarejestrowania si\u0119 w niej.<\/p>\n<h4><strong>W jaki spos\u00f3b to zrobi\u0107?<\/strong><\/h4>\n<p>W tej kwestii pomo\u017ce Pa\u0144stwu do\u0142\u0105czona poni\u017cej instrukcja (<em>&#8220;Pobieranie aplikacji &#8211; instrukcja&#8221;<\/em>).<\/p>\n<p>Na maila, kt\u00f3rego podali\u015bcie Pa\u0144stwo w karcie zg\u0142oszenia dziecka do przedszkola zostanie wys\u0142any <strong>link aktywacyjny<\/strong>. Po klikni\u0119ciu w link musicie Pa\u0144stwo ustawi\u0107 swoje has\u0142o do logowania si\u0119 w aplikacji. To has\u0142o warto zapisa\u0107, gdy\u017c pozostanie z Pa\u0144stwem do ko\u0144ca pobytu dziecka w naszym przedszkolu.<\/p>\n<p>W aplikacji nasz\u0105 plac\u00f3wk\u0119 znajdziecie Pa\u0144stwo pod nazw\u0105:<br \/>\n<strong>przedszkole2mosina.obecnosci.pl<\/strong><\/p>\n<p>Poni\u017cej znajduje si\u0119 r\u00f3wnie\u017c link, kt\u00f3ry bezpo\u015brednio przekieruje Pa\u0144stwa do logowania:<br \/>\n<a href=\"https:\/\/przedszkole2mosina.obecnosci.pl\/account\/signin\" target=\"_blank\" rel=\"noopener\"><strong>https:\/\/przedszkole2mosina.obecnosci.pl\/account\/signin<\/strong><\/a><\/p>\n<p>Je\u015bli pojawi\u0105 si\u0119 problemy z rejestracj\u0105 lub logowaniem zapraszamy do kontaktu z sekretariatem. tel. 663 993 420.<\/p>\n<p><strong>Do ka\u017cdego dziecka przypisany jest PIN (nie nale\u017cy go przekazywa\u0107 osobom niepowo\u0142anym).<\/strong><\/p>\n<p><strong style=\"color: #ff0000;\">Od 2 wrze\u015bnia ka\u017cdy ma obowi\u0105zek skanowania kodu QR podczas przyprowadzania oraz odbierania dziecka.<\/strong><\/p>\n<p><strong style=\"color: #ff0000;\">Ka\u017cde dziecko ma sw\u00f3j PIN \u2013 w przypadku rodze\u0144stwa, czynno\u015b\u0107 nale\u017cy powt\u00f3rzy\u0107 z odpowiednim PIN-em.<\/strong><\/p>\n<h4><strong><br \/>\nDo pobrania:<\/strong><\/h4>\n<ul>\n<li><a href=\"https:\/\/przedszkole2.pl\/wp-content\/uploads\/Pobieranie-aplikacji-instrukcja.pdf\" target=\"_blank\" rel=\"noopener\">Pobieranie aplikacji &#8211; instrukcja (plik PDF)<\/a><\/li>\n<li><a href=\"https:\/\/przedszkole2.pl\/wp-content\/uploads\/Kod-QR-instrukcja.pdf\" target=\"_blank\" rel=\"noopener\">Kod QR &#8211; instrukcja (plik PDF)<\/a><\/li>\n<li><a href=\"https:\/\/przedszkole2.pl\/wp-content\/uploads\/Dokonywanie-platnosci-instrukcja.pdf\" target=\"_blank\" rel=\"noopener\">Dokonywanie p\u0142atno\u015bci &#8211; instrukcja (plik PDF)<\/a><\/li>\n<\/ul>\n<p>&nbsp;<\/p>\n<h4><strong>Godziny pracy sekretariatu przedszkola<\/strong><\/h4>\n<p>Poniedzia\u0142ek 9.00 &#8211; 12.00<\/p>\n<p>Wtorek 9.00 &#8211; 12.00<\/p>\n<p>Czwartek 10.00 &#8211; 14.00<\/p>","protected":false},"excerpt":{"rendered":"<p>OBECNOSCI.pl &#8211; Instrukcja obs\u0142ugi aplikacji Drodzy rodzice\/opiekunowie dzieci naszego przedszkola. W naszej plac\u00f3wce funkcjonuje elektroniczny system zaznaczania obecno\u015bci dziecka w przedszkolu i naliczania op\u0142at. Dodatkowo jest to r\u00f3wnie\u017c forma kontaktu wychowawcy z rodzicami. Ka\u017cdy rodzic dziecka ma obowi\u0105zek pobrania aplikacji i zarejestrowania si\u0119 w niej. W jaki spos\u00f3b to zrobi\u0107? W tej kwestii pomo\u017ce Pa\u0144stwu&#8230;<\/p>","protected":false},"author":1,"featured_media":0,"parent":0,"menu_order":0,"comment_status":"closed","ping_status":"closed","template":"","meta":{"inline_featured_image":false,"footnotes":""},"class_list":["post-5268","page","type-page","status-publish","hentry","page--item"],"_links":{"self":[{"href":"https:\/\/przedszkole2.pl\/en\/wp-json\/wp\/v2\/pages\/5268","targetHints":{"allow":["GET"]}}],"collection":[{"href":"https:\/\/przedszkole2.pl\/en\/wp-json\/wp\/v2\/pages"}],"about":[{"href":"https:\/\/przedszkole2.pl\/en\/wp-json\/wp\/v2\/types\/page"}],"author":[{"embeddable":true,"href":"https:\/\/przedszkole2.pl\/en\/wp-json\/wp\/v2\/users\/1"}],"replies":[{"embeddable":true,"href":"https:\/\/przedszkole2.pl\/en\/wp-json\/wp\/v2\/comments?post=5268"}],"version-history":[{"count":26,"href":"https:\/\/przedszkole2.pl\/en\/wp-json\/wp\/v2\/pages\/5268\/revisions"}],"predecessor-version":[{"id":7650,"href":"https:\/\/przedszkole2.pl\/en\/wp-json\/wp\/v2\/pages\/5268\/revisions\/7650"}],"wp:attachment":[{"href":"https:\/\/przedszkole2.pl\/en\/wp-json\/wp\/v2\/media?parent=5268"}],"curies":[{"name":"wp","href":"https:\/\/api.w.org\/{rel}","templated":true}]}}