{"id":596,"date":"2022-01-11T17:45:09","date_gmt":"2022-01-11T16:45:09","guid":{"rendered":"https:\/\/wordpress.vecurosoft.com\/kundax\/?page_id=596"},"modified":"2025-05-11T00:22:40","modified_gmt":"2025-05-10T22:22:40","slug":"historia","status":"publish","type":"page","link":"https:\/\/przedszkole2.pl\/en\/historia\/","title":{"rendered":"Historia"},"content":{"rendered":"<div data-elementor-type=\"wp-page\" data-elementor-id=\"596\" class=\"elementor elementor-596\" data-elementor-post-type=\"page\">\n\t\t\t\t\t\t<section class=\"elementor-section elementor-top-section elementor-element elementor-element-e841e5a elementor-section-full_width elementor-section-height-default elementor-section-height-default\" data-id=\"e841e5a\" data-element_type=\"section\" data-e-type=\"section\">\n\t\t\t\t\t\t<div class=\"elementor-container elementor-column-gap-no\">\n\t\t\t\t\t<div class=\"elementor-column elementor-col-100 elementor-top-column elementor-element elementor-element-64317d6\" data-id=\"64317d6\" data-element_type=\"column\" data-e-type=\"column\">\n\t\t\t<div class=\"elementor-widget-wrap elementor-element-populated\">\n\t\t\t\t\t\t<div class=\"elementor-element elementor-element-60d02ba elementor-widget elementor-widget-kundaxaboutuswidget\" data-id=\"60d02ba\" data-element_type=\"widget\" data-e-type=\"widget\" data-widget_type=\"kundaxaboutuswidget.default\">\n\t\t\t\t<div class=\"elementor-widget-container\">\n\t\t\t\t\t<!-----------------------Start About Us Area-----------------------><div class=\"about-section space\"><div class=\"container\"><div class=\"row align-items-center gy-30\"><div class=\"col-lg-6 wow fadeInLeft\" data-wow-delay=\"0.2s\"><div class=\"img-box-2\"><img decoding=\"async\" src=\"https:\/\/wordpress.vecurosoft.com\/knirpse\/wp-content\/uploads\/2022\/01\/about-us-combine-1.png\" alt=\"about us combine 1\"  \/><\/div><\/div><div class=\"col-lg-5 wow fadeInRight\" data-wow-delay=\"0.2s\"><div class=\"text-center text-lg-start\"><span class=\"sub-title\">O nas<\/span><h2 class=\"sec-title big-title\">Niepowtarzalny, rodzinny klimat<\/h2><p class=\"fs-md mb-30\"><p>Ogromnym atutem Przedszkola nr 2 \u201eWeso\u0142e Skrzaty\u201d jest jego ciekawe po\u0142o\u017cenie \u2013 z dala od ulicznego gwaru i ha\u0142asu, w\u015br\u00f3d drzew i krzew\u00f3w. Blisko\u015b\u0107 Wielkopolskiego Parku Narodowego to dodatkowa atrakcja i teren do udanych wycieczek, spacer\u00f3w i zabaw. Niepowtarzalny, rodzinny klimat tego ma\u0142ego przedszkola pozwala zapewni\u0107 dzieciom poczucie bezpiecze\u0144stwa i akceptacji. Z kolei \u015bwiadomo\u015b\u0107 naszych nauczycieli, \u017ce przedszkolak uczy si\u0119 spontanicznie, naturalnie i w ka\u017cdych okoliczno\u015bciach, a jego podstawow\u0105 form\u0105 dzia\u0142alno\u015bci jest zabawa powoduje, \u017ce dzieci staj\u0105 si\u0119 sprawcami swojego dzie\u0142a. Pozwala im to odczu\u0107 rado\u015b\u0107, sukces, zwi\u0119ksza poczucie w\u0142asnej warto\u015bci i motywuje do dalszej pracy. Wszystko to owocuje wysokim poziomem przygotowania naszych milusi\u0144skich do kolejnego etapu edukacji.<\/p><p>Przedszkole nr 2 \u201eWeso\u0142e Skrzaty\u201d jest jedn\u0105 z najstarszych plac\u00f3wek na terenie Mosiny. Wybudowane zosta\u0142o dzi\u0119ki staraniom pracownik\u00f3w i dyrekcji \u015aremskich Zak\u0142ad\u00f3w Ceramiki Budowlanej z siedzib\u0105 w Mosinie.<\/p><p>Dnia 19 wrze\u015bnia 1953 r. odby\u0142o si\u0119 jego uroczyste otwarcie, a nazw\u0119 \u201eWeso\u0142e Skrzaty\u201d nadano 12 lutego 1977 r. Pocz\u0105tkowo by\u0142o to przedszkole dwuoddzia\u0142owe, do kt\u00f3rego ucz\u0119szcza\u0142o 60 dzieci. We wrze\u015bniu 1977 r. powsta\u0142 trzeci oddzia\u0142 i dzi\u015b plac\u00f3wka oferuje 75 miejsc dla dzieci w wieku od 3 do 6 lat. Pierwszym dyrektorem przedszkola zosta\u0142a pani J\u00f3zefa Bartosik-Szeszko. Pe\u0142ni\u0142a t\u0119 funkcj\u0119 do roku 1985. Na kolejne lata stanowisko obj\u0119\u0142a pani mgr Halina Jurecka. Od 1.01.2017 do 31.08.2017 funkcj\u0119 dyrektora sprawowa\u0142a pani mgr Iwona Ko\u0142da, 1 wrze\u015bnia 2017 r. nowym dyrektorem zosta\u0142a pani mgr Anna Szuba, od 1 wrze\u015bnia 2022 r. pani mgr Barbara Leszczy\u0144ska, a od 1 lipca 2023 r. funkcj\u0119 t\u0119 sprawuje pani mgr Dorota Snuszka.<\/p><\/p><a href=\"https:\/\/przedszkole2.pl\/kontakt\/\" class=\"vs-btn wave-btn style-1\">Kontakt<\/a><\/div><\/div><\/div><\/div><div class=\"shape-mockup shapePulse d-none d-hd-block\" data-bottom=\"40%\" data-left=\"6%\"><img decoding=\"async\" src=\"https:\/\/wordpress.vecurosoft.com\/knirpse\/wp-content\/uploads\/2022\/01\/dog.png\" alt=\"Weso\u0142e Skrzaty - Przedszkole nr 2 w Mosinie\"><\/div><div class=\"shape-mockup rotate d-none d-md-block\" data-bottom=\"40%\" data-right=\"6%\"><img decoding=\"async\" src=\"https:\/\/wordpress.vecurosoft.com\/knirpse\/wp-content\/uploads\/2022\/01\/star.png\" alt=\"Weso\u0142e Skrzaty - Przedszkole nr 2 w Mosinie\"><\/div><\/div><!-----------------------End About Us Area----------------------->\t\t\t\t<\/div>\n\t\t\t\t<\/div>\n\t\t\t\t\t<\/div>\n\t\t<\/div>\n\t\t\t\t\t<\/div>\n\t\t<\/section>\n\t\t<div class=\"elementor-element elementor-element-4b59eb4 e-flex e-con-boxed e-con e-parent\" data-id=\"4b59eb4\" data-element_type=\"container\" data-e-type=\"container\">\n\t\t\t\t\t<div class=\"e-con-inner\">\n\t\t\t\t\t<\/div>\n\t\t\t\t<\/div>\n\t\t\t\t<\/div>","protected":false},"excerpt":{"rendered":"<p>O nas Niepowtarzalny, rodzinny klimat Ogromnym atutem Przedszkola nr 2 \u201eWeso\u0142e Skrzaty\u201d jest jego ciekawe po\u0142o\u017cenie \u2013 z dala od ulicznego gwaru i ha\u0142asu, w\u015br\u00f3d drzew i krzew\u00f3w. Blisko\u015b\u0107 Wielkopolskiego Parku Narodowego to dodatkowa atrakcja i teren do udanych wycieczek, spacer\u00f3w i zabaw. Niepowtarzalny, rodzinny klimat tego ma\u0142ego przedszkola pozwala zapewni\u0107 dzieciom poczucie bezpiecze\u0144stwa i&#8230;<\/p>","protected":false},"author":1,"featured_media":0,"parent":0,"menu_order":0,"comment_status":"closed","ping_status":"closed","template":"template-builder.php","meta":{"inline_featured_image":false,"footnotes":""},"class_list":["post-596","page","type-page","status-publish","hentry"],"_links":{"self":[{"href":"https:\/\/przedszkole2.pl\/en\/wp-json\/wp\/v2\/pages\/596","targetHints":{"allow":["GET"]}}],"collection":[{"href":"https:\/\/przedszkole2.pl\/en\/wp-json\/wp\/v2\/pages"}],"about":[{"href":"https:\/\/przedszkole2.pl\/en\/wp-json\/wp\/v2\/types\/page"}],"author":[{"embeddable":true,"href":"https:\/\/przedszkole2.pl\/en\/wp-json\/wp\/v2\/users\/1"}],"replies":[{"embeddable":true,"href":"https:\/\/przedszkole2.pl\/en\/wp-json\/wp\/v2\/comments?post=596"}],"version-history":[{"count":21,"href":"https:\/\/przedszkole2.pl\/en\/wp-json\/wp\/v2\/pages\/596\/revisions"}],"predecessor-version":[{"id":7244,"href":"https:\/\/przedszkole2.pl\/en\/wp-json\/wp\/v2\/pages\/596\/revisions\/7244"}],"wp:attachment":[{"href":"https:\/\/przedszkole2.pl\/en\/wp-json\/wp\/v2\/media?parent=596"}],"curies":[{"name":"wp","href":"https:\/\/api.w.org\/{rel}","templated":true}]}}