{"id":5960,"date":"2024-11-17T18:33:36","date_gmt":"2024-11-17T17:33:36","guid":{"rendered":"https:\/\/przedszkole2.pl\/?page_id=5960"},"modified":"2024-12-01T00:58:42","modified_gmt":"2024-11-30T23:58:42","slug":"70-lecie-przedszkola","status":"publish","type":"page","link":"https:\/\/przedszkole2.pl\/en\/70-lecie-przedszkola\/","title":{"rendered":"70-lecie Przedszkola"},"content":{"rendered":"<div data-elementor-type=\"wp-page\" data-elementor-id=\"5960\" class=\"elementor elementor-5960\" data-elementor-post-type=\"page\">\n\t\t\t\t<div class=\"elementor-element elementor-element-57e5bef e-flex e-con-boxed e-con e-parent\" data-id=\"57e5bef\" data-element_type=\"container\" data-e-type=\"container\">\n\t\t\t\t\t<div class=\"e-con-inner\">\n\t\t\t\t<div class=\"elementor-element elementor-element-408f8273 elementor-widget elementor-widget-text-editor\" data-id=\"408f8273\" data-element_type=\"widget\" data-e-type=\"widget\" data-widget_type=\"text-editor.default\">\n\t\t\t\t<div class=\"elementor-widget-container\">\n\t\t\t\t\t\t\t\t\t<h1>Obchody 70-lecia powstania Przedszkola!<\/h1>\t\t\t\t\t\t\t\t<\/div>\n\t\t\t\t<\/div>\n\t\t\t\t\t<\/div>\n\t\t\t\t<\/div>\n\t\t<div class=\"elementor-element elementor-element-34a1018c e-flex e-con-boxed e-con e-parent\" data-id=\"34a1018c\" data-element_type=\"container\" data-e-type=\"container\">\n\t\t\t\t\t<div class=\"e-con-inner\">\n\t\t\t\t<div class=\"elementor-element elementor-element-7f318f38 elementor-widget elementor-widget-text-editor\" data-id=\"7f318f38\" data-element_type=\"widget\" data-e-type=\"widget\" data-widget_type=\"text-editor.default\">\n\t\t\t\t<div class=\"elementor-widget-container\">\n\t\t\t\t\t\t\t\t\t<p>70- rocznic\u0119 powstania Przedszkola z wielk\u0105 rado\u015bci\u0105 celebrowali\u015bmy ca\u0142y rok szkolny 2023\/2024, natomiast uroczyste obchody Jubileuszu zosta\u0142y przeniesione na wiosenny dzie\u0144 23 maja 2024r.<\/p><p>Ca\u0142e grono pedagogiczne i wszyscy pracownicy przedszkola do\u0142o\u017cyli wszelkich stara\u0144 aby nasza uroczysto\u015b\u0107 70-lecia mog\u0142a odby\u0107 si\u0119 w bajkowym stylu w ogrodzie przedszkolnym. Zaplanowali\u015bmy wszystko w najdrobniejszych szczeg\u00f3\u0142ach i przygotowali\u015bmy nasz\u0105 plac\u00f3wk\u0119 na przyj\u0119cie go\u015bci, niestety pogoda pokrzy\u017cowa\u0142a nam plany, poniewa\u017c z natury jeste\u015bmy weseli, kreatywni i to nie by\u0142o dla nas problemem. W zwi\u0105zku z tym Uroczysto\u015b\u0107 i wyst\u0119py przenie\u015bli\u015bmy do O\u015brodku Sportu i Rekreacji w Mosinie. Wszystkie dzieci wzi\u0119\u0142y udzia\u0142 w przedstawieniu pt. \u201eKr\u00f3lewna \u015anie\u017cka i siedmiu krasnoludk\u00f3w\u201d. Publiczno\u015b\u0107 doceni\u0142a nie tylko w\u0142asnor\u0119cznie uszyte barwne kostiumy, ale przede wszystkim niezwyk\u0142y kunszt artystyczny przygotowanego widowiska &#8211; gr\u0119 aktorsk\u0105 oraz fantastyczne uk\u0142ady taneczne naszych przedszkolak\u00f3w. Uroczysto\u015b\u0107 prowadzi\u0142 \u201eKosza\u0142ek Opa\u0142ek\u201d w oskarowym stylu, z pomoc\u0105 pa\u0144 nauczycielek, kt\u00f3re tak\u017ce mia\u0142y swoje zadania w przedstawieniu.<\/p><p>Dzi\u0119kujemy serdecznie WSZYSTKIM go\u015bciom, rodzicom oraz przyjacio\u0142om przedszkola za obecno\u015b\u0107 w tak wa\u017cnym dla nas dniu !<\/p><p>Ponadto sk\u0142adamy ogromne podzi\u0119kowania za pami\u0105tki, prezenty, niespodzianki dla dzieci i przedszkola oraz \u015bwietn\u0105 zabaw\u0119 po przedstawieniu !<\/p><p>Dzi\u0119kujemy za wsp\u00f3ln\u0105 podr\u00f3\u017c przez te 70 lat i wierzymy, \u017ce przysz\u0142o\u015b\u0107 przyniesie nam jeszcze wi\u0119cej wspania\u0142ych, wsp\u00f3lnych chwil oraz osi\u0105gni\u0119\u0107!<\/p>\t\t\t\t\t\t\t\t<\/div>\n\t\t\t\t<\/div>\n\t\t\t\t\t<\/div>\n\t\t\t\t<\/div>\n\t\t<div class=\"elementor-element elementor-element-9cff9be e-con-full e-flex e-con e-parent\" data-id=\"9cff9be\" data-element_type=\"container\" data-e-type=\"container\">\n\t\t<div class=\"elementor-element elementor-element-4da049a e-con-full e-flex e-con e-child\" data-id=\"4da049a\" data-element_type=\"container\" data-e-type=\"container\">\n\t\t\t\t<div class=\"elementor-element elementor-element-47fd280 elementor-widget elementor-widget-image\" data-id=\"47fd280\" data-element_type=\"widget\" data-e-type=\"widget\" data-widget_type=\"image.default\">\n\t\t\t\t<div class=\"elementor-widget-container\">\n\t\t\t\t\t\t\t\t\t\t\t\t<figure class=\"wp-caption\">\n\t\t\t\t\t\t\t\t\t\t\t<a href=\"https:\/\/przedszkole2.pl\/jubileusz-film\">\n\t\t\t\t\t\t\t<img fetchpriority=\"high\" decoding=\"async\" width=\"420\" height=\"252\" src=\"https:\/\/przedszkole2.pl\/wp-content\/uploads\/Ksiega-pamiatkowa_20241129_222009_0002_preview_rev_1-1.png\" class=\"attachment-large size-large wp-image-6163\" alt=\"70-lecie Przedszkola\" srcset=\"https:\/\/przedszkole2.pl\/wp-content\/uploads\/Ksiega-pamiatkowa_20241129_222009_0002_preview_rev_1-1.png 420w, https:\/\/przedszkole2.pl\/wp-content\/uploads\/Ksiega-pamiatkowa_20241129_222009_0002_preview_rev_1-1-300x180.png 300w, https:\/\/przedszkole2.pl\/wp-content\/uploads\/Ksiega-pamiatkowa_20241129_222009_0002_preview_rev_1-1-18x12.png 18w\" sizes=\"(max-width: 420px) 100vw, 420px\" title=\"Ksi\u0119ga pami\u0105tkowa_20241129_222009_0002_preview_rev_1\" \/>\t\t\t\t\t\t\t\t<\/a>\n\t\t\t\t\t\t\t\t\t\t\t<figcaption class=\"widget-image-caption wp-caption-text\"><\/figcaption>\n\t\t\t\t\t\t\t\t\t\t<\/figure>\n\t\t\t\t\t\t\t\t\t<\/div>\n\t\t\t\t<\/div>\n\t\t\t\t<div class=\"elementor-element elementor-element-281ad83 elementor-widget elementor-widget-kundaxbutton\" data-id=\"281ad83\" data-element_type=\"widget\" data-e-type=\"widget\" data-widget_type=\"kundaxbutton.default\">\n\t\t\t\t<div class=\"elementor-widget-container\">\n\t\t\t\t\t<!-- Button --><div class=\"btn-wrapper center\"><a class=\"vs-btn wave-btn\" href=\"https:\/\/przedszkole2.pl\/jubileusz-film\">Szczeg\u00f3\u0142y<\/a><\/div><!-- End Button -->\t\t\t\t<\/div>\n\t\t\t\t<\/div>\n\t\t\t\t<\/div>\n\t\t<div class=\"elementor-element elementor-element-1254858 e-con-full e-flex e-con e-child\" data-id=\"1254858\" data-element_type=\"container\" data-e-type=\"container\">\n\t\t\t\t<div class=\"elementor-element elementor-element-52ce85a elementor-widget elementor-widget-image\" data-id=\"52ce85a\" data-element_type=\"widget\" data-e-type=\"widget\" data-widget_type=\"image.default\">\n\t\t\t\t<div class=\"elementor-widget-container\">\n\t\t\t\t\t\t\t\t\t\t\t\t<figure class=\"wp-caption\">\n\t\t\t\t\t\t\t\t\t\t\t<a href=\"https:\/\/przedszkole2.pl\/jubileusz-zdjecia\">\n\t\t\t\t\t\t\t<img decoding=\"async\" width=\"413\" height=\"244\" src=\"https:\/\/przedszkole2.pl\/wp-content\/uploads\/Ksiega-pamiatkowa_20241129_222009_0001_preview_rev_1-1.png\" class=\"attachment-large size-large wp-image-6162\" alt=\"70-lecie Przedszkola\" srcset=\"https:\/\/przedszkole2.pl\/wp-content\/uploads\/Ksiega-pamiatkowa_20241129_222009_0001_preview_rev_1-1.png 413w, https:\/\/przedszkole2.pl\/wp-content\/uploads\/Ksiega-pamiatkowa_20241129_222009_0001_preview_rev_1-1-300x177.png 300w, https:\/\/przedszkole2.pl\/wp-content\/uploads\/Ksiega-pamiatkowa_20241129_222009_0001_preview_rev_1-1-18x12.png 18w\" sizes=\"(max-width: 413px) 100vw, 413px\" title=\"Ksi\u0119ga pami\u0105tkowa_20241129_222009_0001_preview_rev_1\" \/>\t\t\t\t\t\t\t\t<\/a>\n\t\t\t\t\t\t\t\t\t\t\t<figcaption class=\"widget-image-caption wp-caption-text\"><\/figcaption>\n\t\t\t\t\t\t\t\t\t\t<\/figure>\n\t\t\t\t\t\t\t\t\t<\/div>\n\t\t\t\t<\/div>\n\t\t\t\t<div class=\"elementor-element elementor-element-817a0e2 elementor-widget elementor-widget-kundaxbutton\" data-id=\"817a0e2\" data-element_type=\"widget\" data-e-type=\"widget\" data-widget_type=\"kundaxbutton.default\">\n\t\t\t\t<div class=\"elementor-widget-container\">\n\t\t\t\t\t<!-- Button --><div class=\"btn-wrapper center\"><a class=\"vs-btn wave-btn\" href=\"https:\/\/przedszkole2.pl\/jubileusz-zdjecia\">Szczeg\u00f3\u0142y<\/a><\/div><!-- End Button -->\t\t\t\t<\/div>\n\t\t\t\t<\/div>\n\t\t\t\t<\/div>\n\t\t<div class=\"elementor-element elementor-element-4d2f4c2 e-con-full e-flex e-con e-child\" data-id=\"4d2f4c2\" data-element_type=\"container\" data-e-type=\"container\">\n\t\t\t\t<div class=\"elementor-element elementor-element-36efe96 elementor-widget elementor-widget-image\" data-id=\"36efe96\" data-element_type=\"widget\" data-e-type=\"widget\" data-widget_type=\"image.default\">\n\t\t\t\t<div class=\"elementor-widget-container\">\n\t\t\t\t\t\t\t\t\t\t\t\t<figure class=\"wp-caption\">\n\t\t\t\t\t\t\t\t\t\t\t<a href=\"https:\/\/przedszkole2.pl\/o-nas-mowia-o-nas-pisza\/\">\n\t\t\t\t\t\t\t<img decoding=\"async\" width=\"420\" height=\"248\" src=\"https:\/\/przedszkole2.pl\/wp-content\/uploads\/Ksiega-pamiatkowa_20241129_222009_0000_preview_rev_1-1.png\" class=\"attachment-large size-large wp-image-6164\" alt=\"70-lecie Przedszkola\" srcset=\"https:\/\/przedszkole2.pl\/wp-content\/uploads\/Ksiega-pamiatkowa_20241129_222009_0000_preview_rev_1-1.png 420w, https:\/\/przedszkole2.pl\/wp-content\/uploads\/Ksiega-pamiatkowa_20241129_222009_0000_preview_rev_1-1-300x177.png 300w, https:\/\/przedszkole2.pl\/wp-content\/uploads\/Ksiega-pamiatkowa_20241129_222009_0000_preview_rev_1-1-18x12.png 18w\" sizes=\"(max-width: 420px) 100vw, 420px\" title=\"Ksi\u0119ga pami\u0105tkowa_20241129_222009_0000_preview_rev_1\" \/>\t\t\t\t\t\t\t\t<\/a>\n\t\t\t\t\t\t\t\t\t\t\t<figcaption class=\"widget-image-caption wp-caption-text\"><\/figcaption>\n\t\t\t\t\t\t\t\t\t\t<\/figure>\n\t\t\t\t\t\t\t\t\t<\/div>\n\t\t\t\t<\/div>\n\t\t\t\t<div class=\"elementor-element elementor-element-3bf99a4 elementor-widget elementor-widget-kundaxbutton\" data-id=\"3bf99a4\" data-element_type=\"widget\" data-e-type=\"widget\" data-widget_type=\"kundaxbutton.default\">\n\t\t\t\t<div class=\"elementor-widget-container\">\n\t\t\t\t\t<!-- Button --><div class=\"btn-wrapper center\"><a class=\"vs-btn wave-btn\" href=\"https:\/\/przedszkole2.pl\/o-nas-mowia-o-nas-pisza\/\">Szczeg\u00f3\u0142y<\/a><\/div><!-- End Button -->\t\t\t\t<\/div>\n\t\t\t\t<\/div>\n\t\t\t\t<\/div>\n\t\t<div class=\"elementor-element elementor-element-7cbedc4 e-con-full e-flex e-con e-child\" data-id=\"7cbedc4\" data-element_type=\"container\" data-e-type=\"container\">\n\t\t\t\t<div class=\"elementor-element elementor-element-e62b97f elementor-widget elementor-widget-image\" data-id=\"e62b97f\" data-element_type=\"widget\" data-e-type=\"widget\" data-widget_type=\"image.default\">\n\t\t\t\t<div class=\"elementor-widget-container\">\n\t\t\t\t\t\t\t\t\t\t\t\t<figure class=\"wp-caption\">\n\t\t\t\t\t\t\t\t\t\t\t<a href=\"https:\/\/przedszkole2.pl\/ksiega-pamiatkowa\/\">\n\t\t\t\t\t\t\t<img loading=\"lazy\" decoding=\"async\" width=\"420\" height=\"246\" src=\"https:\/\/przedszkole2.pl\/wp-content\/uploads\/Kopia-\u2013-Ksiega-pamiatkowa_20241129_221705_0000_preview_rev_1-1.png\" class=\"attachment-large size-large wp-image-6165\" alt=\"70-lecie Przedszkola\" srcset=\"https:\/\/przedszkole2.pl\/wp-content\/uploads\/Kopia-\u2013-Ksiega-pamiatkowa_20241129_221705_0000_preview_rev_1-1.png 420w, https:\/\/przedszkole2.pl\/wp-content\/uploads\/Kopia-\u2013-Ksiega-pamiatkowa_20241129_221705_0000_preview_rev_1-1-300x176.png 300w, https:\/\/przedszkole2.pl\/wp-content\/uploads\/Kopia-\u2013-Ksiega-pamiatkowa_20241129_221705_0000_preview_rev_1-1-18x12.png 18w\" sizes=\"(max-width: 420px) 100vw, 420px\" title=\"Kopia \u2013 Ksi\u0119ga pami\u0105tkowa_20241129_221705_0000_preview_rev_1\" \/>\t\t\t\t\t\t\t\t<\/a>\n\t\t\t\t\t\t\t\t\t\t\t<figcaption class=\"widget-image-caption wp-caption-text\"><\/figcaption>\n\t\t\t\t\t\t\t\t\t\t<\/figure>\n\t\t\t\t\t\t\t\t\t<\/div>\n\t\t\t\t<\/div>\n\t\t\t\t<div class=\"elementor-element elementor-element-2ec3e3b elementor-widget elementor-widget-kundaxbutton\" data-id=\"2ec3e3b\" data-element_type=\"widget\" data-e-type=\"widget\" data-widget_type=\"kundaxbutton.default\">\n\t\t\t\t<div class=\"elementor-widget-container\">\n\t\t\t\t\t<!-- Button --><div class=\"btn-wrapper center\"><a class=\"vs-btn wave-btn\" href=\"https:\/\/przedszkole2.pl\/ksiega-pamiatkowa\/\">Szczeg\u00f3\u0142y<\/a><\/div><!-- End Button -->\t\t\t\t<\/div>\n\t\t\t\t<\/div>\n\t\t\t\t<\/div>\n\t\t<div class=\"elementor-element elementor-element-b299760 e-con-full e-flex e-con e-child\" data-id=\"b299760\" data-element_type=\"container\" data-e-type=\"container\">\n\t\t\t\t<div class=\"elementor-element elementor-element-4714d79 elementor-widget elementor-widget-image\" data-id=\"4714d79\" data-element_type=\"widget\" data-e-type=\"widget\" data-widget_type=\"image.default\">\n\t\t\t\t<div class=\"elementor-widget-container\">\n\t\t\t\t\t\t\t\t\t\t\t\t<figure class=\"wp-caption\">\n\t\t\t\t\t\t\t\t\t\t\t<a href=\"https:\/\/przedszkole2.pl\/prezentacja-z-okazji-70-lecia\/\">\n\t\t\t\t\t\t\t<img loading=\"lazy\" decoding=\"async\" width=\"420\" height=\"246\" src=\"https:\/\/przedszkole2.pl\/wp-content\/uploads\/1_preview_rev_1-1.png\" class=\"attachment-large size-large wp-image-6166\" alt=\"70-lecie Przedszkola\" srcset=\"https:\/\/przedszkole2.pl\/wp-content\/uploads\/1_preview_rev_1-1.png 420w, https:\/\/przedszkole2.pl\/wp-content\/uploads\/1_preview_rev_1-1-300x176.png 300w, https:\/\/przedszkole2.pl\/wp-content\/uploads\/1_preview_rev_1-1-18x12.png 18w\" sizes=\"(max-width: 420px) 100vw, 420px\" title=\"1_preview_rev_1\" \/>\t\t\t\t\t\t\t\t<\/a>\n\t\t\t\t\t\t\t\t\t\t\t<figcaption class=\"widget-image-caption wp-caption-text\"><\/figcaption>\n\t\t\t\t\t\t\t\t\t\t<\/figure>\n\t\t\t\t\t\t\t\t\t<\/div>\n\t\t\t\t<\/div>\n\t\t\t\t<div class=\"elementor-element elementor-element-c9fee11 elementor-widget elementor-widget-kundaxbutton\" data-id=\"c9fee11\" data-element_type=\"widget\" data-e-type=\"widget\" data-widget_type=\"kundaxbutton.default\">\n\t\t\t\t<div class=\"elementor-widget-container\">\n\t\t\t\t\t<!-- Button --><div class=\"btn-wrapper center\"><a class=\"vs-btn wave-btn\" href=\"https:\/\/przedszkole2.pl\/prezentacja-z-okazji-70-lecia\/\">Szczeg\u00f3\u0142y<\/a><\/div><!-- End Button -->\t\t\t\t<\/div>\n\t\t\t\t<\/div>\n\t\t\t\t<\/div>\n\t\t\t\t<\/div>\n\t\t<div class=\"elementor-element elementor-element-04cfed1 e-con-full e-flex e-con e-parent\" data-id=\"04cfed1\" data-element_type=\"container\" data-e-type=\"container\">\n\t\t\t\t<div class=\"elementor-element elementor-element-3495269 elementor-widget elementor-widget-image\" data-id=\"3495269\" data-element_type=\"widget\" data-e-type=\"widget\" data-widget_type=\"image.default\">\n\t\t\t\t<div class=\"elementor-widget-container\">\n\t\t\t\t\t\t\t\t\t\t\t\t\t\t\t<img loading=\"lazy\" decoding=\"async\" width=\"1200\" height=\"378\" src=\"https:\/\/przedszkole2.pl\/wp-content\/uploads\/zielona-trawka.png\" class=\"attachment-full size-full wp-image-6007\" alt=\"70-lecie Przedszkola\" srcset=\"https:\/\/przedszkole2.pl\/wp-content\/uploads\/zielona-trawka.png 1200w, https:\/\/przedszkole2.pl\/wp-content\/uploads\/zielona-trawka-300x95.png 300w, https:\/\/przedszkole2.pl\/wp-content\/uploads\/zielona-trawka-1024x323.png 1024w, https:\/\/przedszkole2.pl\/wp-content\/uploads\/zielona-trawka-768x242.png 768w, https:\/\/przedszkole2.pl\/wp-content\/uploads\/zielona-trawka-18x6.png 18w\" sizes=\"(max-width: 1200px) 100vw, 1200px\" title=\"zielona-trawka\" \/>\t\t\t\t\t\t\t\t\t\t\t\t\t\t\t<\/div>\n\t\t\t\t<\/div>\n\t\t\t\t<\/div>\n\t\t\t\t<\/div>","protected":false},"excerpt":{"rendered":"<p>Obchody 70-lecia powstania Przedszkola! 70- rocznic\u0119 powstania Przedszkola z wielk\u0105 rado\u015bci\u0105 celebrowali\u015bmy ca\u0142y rok szkolny 2023\/2024, natomiast uroczyste obchody Jubileuszu zosta\u0142y przeniesione na wiosenny dzie\u0144 23 maja 2024r. Ca\u0142e grono pedagogiczne i wszyscy pracownicy przedszkola do\u0142o\u017cyli wszelkich stara\u0144 aby nasza uroczysto\u015b\u0107 70-lecia mog\u0142a odby\u0107 si\u0119 w bajkowym stylu w ogrodzie przedszkolnym. Zaplanowali\u015bmy wszystko w najdrobniejszych&#8230;<\/p>","protected":false},"author":1,"featured_media":0,"parent":0,"menu_order":0,"comment_status":"closed","ping_status":"closed","template":"template-builder.php","meta":{"inline_featured_image":false,"footnotes":""},"class_list":["post-5960","page","type-page","status-publish","hentry"],"_links":{"self":[{"href":"https:\/\/przedszkole2.pl\/en\/wp-json\/wp\/v2\/pages\/5960","targetHints":{"allow":["GET"]}}],"collection":[{"href":"https:\/\/przedszkole2.pl\/en\/wp-json\/wp\/v2\/pages"}],"about":[{"href":"https:\/\/przedszkole2.pl\/en\/wp-json\/wp\/v2\/types\/page"}],"author":[{"embeddable":true,"href":"https:\/\/przedszkole2.pl\/en\/wp-json\/wp\/v2\/users\/1"}],"replies":[{"embeddable":true,"href":"https:\/\/przedszkole2.pl\/en\/wp-json\/wp\/v2\/comments?post=5960"}],"version-history":[{"count":116,"href":"https:\/\/przedszkole2.pl\/en\/wp-json\/wp\/v2\/pages\/5960\/revisions"}],"predecessor-version":[{"id":6169,"href":"https:\/\/przedszkole2.pl\/en\/wp-json\/wp\/v2\/pages\/5960\/revisions\/6169"}],"wp:attachment":[{"href":"https:\/\/przedszkole2.pl\/en\/wp-json\/wp\/v2\/media?parent=5960"}],"curies":[{"name":"wp","href":"https:\/\/api.w.org\/{rel}","templated":true}]}}