{"id":6072,"date":"2024-11-20T11:30:47","date_gmt":"2024-11-20T10:30:47","guid":{"rendered":"https:\/\/przedszkole2.pl\/?page_id=6072"},"modified":"2025-03-10T13:23:04","modified_gmt":"2025-03-10T12:23:04","slug":"o-nas-mowia-o-nas-pisza","status":"publish","type":"page","link":"https:\/\/przedszkole2.pl\/en\/o-nas-mowia-o-nas-pisza\/","title":{"rendered":"O nas m\u00f3wi\u0105, o nas pisz\u0105"},"content":{"rendered":"<div data-elementor-type=\"wp-page\" data-elementor-id=\"6072\" class=\"elementor elementor-6072\" data-elementor-post-type=\"page\">\n\t\t\t\t<div class=\"elementor-element elementor-element-7e7b02b6 e-flex e-con-boxed e-con e-parent\" data-id=\"7e7b02b6\" data-element_type=\"container\" data-e-type=\"container\">\n\t\t\t\t\t<div class=\"e-con-inner\">\n\t\t\t\t<div class=\"elementor-element elementor-element-30b6d81 elementor-widget elementor-widget-image\" data-id=\"30b6d81\" data-element_type=\"widget\" data-e-type=\"widget\" data-widget_type=\"image.default\">\n\t\t\t\t<div class=\"elementor-widget-container\">\n\t\t\t\t\t\t\t\t\t\t\t\t\t\t\t<img fetchpriority=\"high\" decoding=\"async\" width=\"1920\" height=\"1080\" src=\"https:\/\/przedszkole2.pl\/wp-content\/uploads\/Research-Task-on-American-Author-Group-Task-in-Brown-Vintage-Style.jpg\" class=\"attachment-full size-full wp-image-5724\" alt=\"O nas m\u00f3wi\u0105, o nas pisz\u0105\" srcset=\"https:\/\/przedszkole2.pl\/wp-content\/uploads\/Research-Task-on-American-Author-Group-Task-in-Brown-Vintage-Style.jpg 1920w, https:\/\/przedszkole2.pl\/wp-content\/uploads\/Research-Task-on-American-Author-Group-Task-in-Brown-Vintage-Style-300x169.jpg 300w, https:\/\/przedszkole2.pl\/wp-content\/uploads\/Research-Task-on-American-Author-Group-Task-in-Brown-Vintage-Style-1024x576.jpg 1024w, https:\/\/przedszkole2.pl\/wp-content\/uploads\/Research-Task-on-American-Author-Group-Task-in-Brown-Vintage-Style-768x432.jpg 768w, https:\/\/przedszkole2.pl\/wp-content\/uploads\/Research-Task-on-American-Author-Group-Task-in-Brown-Vintage-Style-1536x864.jpg 1536w, https:\/\/przedszkole2.pl\/wp-content\/uploads\/Research-Task-on-American-Author-Group-Task-in-Brown-Vintage-Style-18x10.jpg 18w\" sizes=\"(max-width: 1920px) 100vw, 1920px\" title=\"Research Task on American Author Group Task in Brown Vintage Style\" \/>\t\t\t\t\t\t\t\t\t\t\t\t\t\t\t<\/div>\n\t\t\t\t<\/div>\n\t\t\t\t\t<\/div>\n\t\t\t\t<\/div>\n\t\t<div class=\"elementor-element elementor-element-57df941 e-flex e-con-boxed e-con e-parent\" data-id=\"57df941\" data-element_type=\"container\" data-e-type=\"container\">\n\t\t\t\t\t<div class=\"e-con-inner\">\n\t\t\t\t<div class=\"elementor-element elementor-element-b71fb90 elementor-widget elementor-widget-text-editor\" data-id=\"b71fb90\" data-element_type=\"widget\" data-e-type=\"widget\" data-widget_type=\"text-editor.default\">\n\t\t\t\t<div class=\"elementor-widget-container\">\n\t\t\t\t\t\t\t\t\t<h3>\u00a0 \u00a0 \u00a0 \u00a0 \u00a0 \u00a0 \u00a0 \u00a0 \u00a0 \u00a0 \u00a0 \u00a0 \u00a0 \u00a0 \u00a0 \u00a0 \u00a0 \u00a0 \u00a0 \u00a0 \u00a0 \u00a0 \u00a0 \u00a0 \u00a0 \u00a0 \u00a0 \u00a0 \u00a0 \u00a0 \u00a0Kronika Po\u017cegowo Gmina Mosina<\/h3><h3>\u00a0 \u00a0 \u00a0 \u00a0 \u00a0 \u00a0 \u00a0 \u00a0 \u00a0 \u00a0 \u00a0 \u00a0 \u00a0 \u00a0 \u00a0 \u00a0 \u00a0 \u00a0 \u00a0 \u00a0 \u00a0 \u00a0 \u00a0 \u00a0 \u00a0 \u00a0 \u00a0 \u00a0 \u00a0 \u00a0 \u00a0 \u00a0 \u00a0 \u00a0 \u00a0 \u00a0 \u00a0autor Halina Piki\u0144ska<\/h3>\t\t\t\t\t\t\t\t<\/div>\n\t\t\t\t<\/div>\n\t\t\t\t<div class=\"elementor-element elementor-element-dba701f elementor-widget elementor-widget-image\" data-id=\"dba701f\" data-element_type=\"widget\" data-e-type=\"widget\" data-widget_type=\"image.default\">\n\t\t\t\t<div class=\"elementor-widget-container\">\n\t\t\t\t\t\t\t\t\t\t\t\t\t\t\t<img decoding=\"async\" width=\"751\" height=\"803\" src=\"https:\/\/przedszkole2.pl\/wp-content\/uploads\/20241127_130126-958x1024.jpg\" class=\"attachment-large size-large wp-image-6170\" alt=\"O nas m\u00f3wi\u0105, o nas pisz\u0105\" srcset=\"https:\/\/przedszkole2.pl\/wp-content\/uploads\/20241127_130126-958x1024.jpg 958w, https:\/\/przedszkole2.pl\/wp-content\/uploads\/20241127_130126-281x300.jpg 281w, https:\/\/przedszkole2.pl\/wp-content\/uploads\/20241127_130126-768x821.jpg 768w, https:\/\/przedszkole2.pl\/wp-content\/uploads\/20241127_130126-1437x1536.jpg 1437w, https:\/\/przedszkole2.pl\/wp-content\/uploads\/20241127_130126-1916x2048.jpg 1916w, https:\/\/przedszkole2.pl\/wp-content\/uploads\/20241127_130126-11x12.jpg 11w, https:\/\/przedszkole2.pl\/wp-content\/uploads\/20241127_130126-555x592.jpg 555w\" sizes=\"(max-width: 751px) 100vw, 751px\" title=\"20241127_130126\" \/>\t\t\t\t\t\t\t\t\t\t\t\t\t\t\t<\/div>\n\t\t\t\t<\/div>\n\t\t\t\t\t<\/div>\n\t\t\t\t<\/div>\n\t\t<div class=\"elementor-element elementor-element-d4bf724 e-flex e-con-boxed e-con e-parent\" data-id=\"d4bf724\" data-element_type=\"container\" data-e-type=\"container\">\n\t\t\t\t\t<div class=\"e-con-inner\">\n\t\t\t\t\t<\/div>\n\t\t\t\t<\/div>\n\t\t<div class=\"elementor-element elementor-element-5d76656 e-flex e-con-boxed e-con e-parent\" data-id=\"5d76656\" data-element_type=\"container\" data-e-type=\"container\">\n\t\t\t\t\t<div class=\"e-con-inner\">\n\t\t\t\t<div class=\"elementor-element elementor-element-3834489 elementor-widget elementor-widget-image\" data-id=\"3834489\" data-element_type=\"widget\" data-e-type=\"widget\" data-widget_type=\"image.default\">\n\t\t\t\t<div class=\"elementor-widget-container\">\n\t\t\t\t\t\t\t\t\t\t\t\t\t\t\t<img decoding=\"async\" width=\"683\" height=\"1024\" src=\"https:\/\/przedszkole2.pl\/wp-content\/uploads\/tytul-683x1024.jpg\" class=\"attachment-large size-large wp-image-6311\" alt=\"O nas m\u00f3wi\u0105, o nas pisz\u0105\" srcset=\"https:\/\/przedszkole2.pl\/wp-content\/uploads\/tytul-683x1024.jpg 683w, https:\/\/przedszkole2.pl\/wp-content\/uploads\/tytul-200x300.jpg 200w, https:\/\/przedszkole2.pl\/wp-content\/uploads\/tytul-768x1152.jpg 768w, https:\/\/przedszkole2.pl\/wp-content\/uploads\/tytul-1024x1536.jpg 1024w, https:\/\/przedszkole2.pl\/wp-content\/uploads\/tytul-1365x2048.jpg 1365w, https:\/\/przedszkole2.pl\/wp-content\/uploads\/tytul-8x12.jpg 8w, https:\/\/przedszkole2.pl\/wp-content\/uploads\/tytul-scaled.jpg 1706w\" sizes=\"(max-width: 683px) 100vw, 683px\" title=\"tytu\u0142\" \/>\t\t\t\t\t\t\t\t\t\t\t\t\t\t\t<\/div>\n\t\t\t\t<\/div>\n\t\t\t\t<div class=\"elementor-element elementor-element-6e515be elementor-widget elementor-widget-image\" data-id=\"6e515be\" data-element_type=\"widget\" data-e-type=\"widget\" data-widget_type=\"image.default\">\n\t\t\t\t<div class=\"elementor-widget-container\">\n\t\t\t\t\t\t\t\t\t\t\t\t\t\t\t<img loading=\"lazy\" decoding=\"async\" width=\"683\" height=\"1024\" src=\"https:\/\/przedszkole2.pl\/wp-content\/uploads\/1-1-683x1024.jpg\" class=\"attachment-large size-large wp-image-6312\" alt=\"O nas m\u00f3wi\u0105, o nas pisz\u0105\" srcset=\"https:\/\/przedszkole2.pl\/wp-content\/uploads\/1-1-683x1024.jpg 683w, https:\/\/przedszkole2.pl\/wp-content\/uploads\/1-1-200x300.jpg 200w, https:\/\/przedszkole2.pl\/wp-content\/uploads\/1-1-768x1152.jpg 768w, https:\/\/przedszkole2.pl\/wp-content\/uploads\/1-1-1024x1536.jpg 1024w, https:\/\/przedszkole2.pl\/wp-content\/uploads\/1-1-1365x2048.jpg 1365w, https:\/\/przedszkole2.pl\/wp-content\/uploads\/1-1-8x12.jpg 8w, https:\/\/przedszkole2.pl\/wp-content\/uploads\/1-1-scaled.jpg 1706w\" sizes=\"(max-width: 683px) 100vw, 683px\" title=\"1\" \/>\t\t\t\t\t\t\t\t\t\t\t\t\t\t\t<\/div>\n\t\t\t\t<\/div>\n\t\t\t\t\t<\/div>\n\t\t\t\t<\/div>\n\t\t\t\t<\/div>","protected":false},"excerpt":{"rendered":"<p>\u00a0 \u00a0 \u00a0 \u00a0 \u00a0 \u00a0 \u00a0 \u00a0 \u00a0 \u00a0 \u00a0 \u00a0 \u00a0 \u00a0 \u00a0 \u00a0 \u00a0 \u00a0 \u00a0 \u00a0 \u00a0 \u00a0 \u00a0 \u00a0 \u00a0 \u00a0 \u00a0 \u00a0 \u00a0 \u00a0 \u00a0Kronika Po\u017cegowo Gmina Mosina \u00a0 \u00a0 \u00a0 \u00a0 \u00a0 \u00a0 \u00a0 \u00a0 \u00a0 \u00a0 \u00a0 \u00a0 \u00a0 \u00a0 \u00a0 \u00a0 \u00a0 \u00a0 \u00a0 \u00a0 \u00a0&#8230;<\/p>","protected":false},"author":1,"featured_media":0,"parent":0,"menu_order":0,"comment_status":"closed","ping_status":"closed","template":"template-builder.php","meta":{"inline_featured_image":false,"footnotes":""},"class_list":["post-6072","page","type-page","status-publish","hentry"],"_links":{"self":[{"href":"https:\/\/przedszkole2.pl\/en\/wp-json\/wp\/v2\/pages\/6072","targetHints":{"allow":["GET"]}}],"collection":[{"href":"https:\/\/przedszkole2.pl\/en\/wp-json\/wp\/v2\/pages"}],"about":[{"href":"https:\/\/przedszkole2.pl\/en\/wp-json\/wp\/v2\/types\/page"}],"author":[{"embeddable":true,"href":"https:\/\/przedszkole2.pl\/en\/wp-json\/wp\/v2\/users\/1"}],"replies":[{"embeddable":true,"href":"https:\/\/przedszkole2.pl\/en\/wp-json\/wp\/v2\/comments?post=6072"}],"version-history":[{"count":25,"href":"https:\/\/przedszkole2.pl\/en\/wp-json\/wp\/v2\/pages\/6072\/revisions"}],"predecessor-version":[{"id":6890,"href":"https:\/\/przedszkole2.pl\/en\/wp-json\/wp\/v2\/pages\/6072\/revisions\/6890"}],"wp:attachment":[{"href":"https:\/\/przedszkole2.pl\/en\/wp-json\/wp\/v2\/media?parent=6072"}],"curies":[{"name":"wp","href":"https:\/\/api.w.org\/{rel}","templated":true}]}}